{"id":3659,"date":"2021-08-26T23:12:21","date_gmt":"2021-08-26T21:12:21","guid":{"rendered":"https:\/\/danysc.com.pl\/?page_id=3659"},"modified":"2021-08-26T23:25:58","modified_gmt":"2021-08-26T21:25:58","slug":"automaty-do-bram-przemyslowych","status":"publish","type":"page","link":"https:\/\/danysc.com.pl\/en\/automaty-do-bram-przemyslowych\/","title":{"rendered":"Automaty do bram przemys\u0142owych"},"content":{"rendered":"\n<div style=\"height:20px\" aria-hidden=\"true\" class=\"wp-block-spacer\"><\/div>\n\n\n\n<div class=\"wp-block-group has-background\" style=\"background-color:#f0f0f0\"><div class=\"wp-block-group__inner-container is-layout-flow wp-block-group-is-layout-flow\">\n<h5><strong data-rich-text-format-boundary=\"true\">Automaty CAME do bram przemys\u0142owych<br><\/strong><\/h5>\n<h6><span class=\"has-inline-color\" style=\"color: #20208d;\"><strong>Zobacz wi\u0119cej nt. modeli wybieraj\u0105c obraz automatu<\/strong><\/span><\/h6>\n\n\n\n<figure class=\"wp-block-table is-style-stripes\"><table><tbody><tr><td class=\"has-text-align-right\" data-align=\"right\"><strong><span class=\"has-inline-color has-black-color\">F4000<\/span><\/strong><br><a href=\"https:\/\/www.came.com\/pl\/dla-profesjonalistow\/rozwiazania\/bramy-przemyslowe\/bramy-przemyslowe\/f4000\" target=\"_blank\" rel=\"noreferrer noopener\"><img loading=\"lazy\" decoding=\"async\" width=\"300\" height=\"300\" class=\"wp-image-3657\" style=\"width: 300px;\" src=\"https:\/\/danysc.com.pl\/wordpress\/wp-content\/uploads\/F4000.png\" alt=\"\" srcset=\"https:\/\/danysc.com.pl\/wordpress\/wp-content\/uploads\/F4000.png 300w, https:\/\/danysc.com.pl\/wordpress\/wp-content\/uploads\/F4000-150x150.png 150w, https:\/\/danysc.com.pl\/wordpress\/wp-content\/uploads\/F4000-230x230.png 230w\" sizes=\"auto, (max-width: 300px) 100vw, 300px\" \/><\/a><\/td><td><br>Si\u0142ownik do drzwi i bram sk\u0142adanych, z prowadnic\u0105. Idealne rozwi\u0105zanie dla zastosowa\u0144 w bramach uchylnych jednoskrzyd\u0142owych i sk\u0142adanych.<br>&#8211; <strong>F40230E<\/strong> \u2013  max szer. <strong>2m<\/strong> <strong>\/<\/strong> max <strong>300kg<\/strong>,  max <strong>1,2m<\/strong> <strong>\/<\/strong> max <strong>200kg<\/strong><br>&#8211; <strong>F4024E<\/strong>  \u2013  max szer. <strong>1,5m<\/strong> <strong>\/<\/strong> max <strong>200kg<\/strong>,  max <strong>1,2m<\/strong> <strong>\/<\/strong> max <strong>150kg<\/strong><br>&#8211; <strong>F4024EP<\/strong>  \u2013  max szer. <strong> <strong>2m<\/strong> <strong>\/<\/strong> max <strong>300kg<\/strong>,  max <strong>1,2m<\/strong> <strong>\/<\/strong> max <strong>200kg<\/strong><\/strong> <br><br><strong>W ofercie CAME <\/strong>produkty  testowane zgodnie z normami EN 12453 &#8211; EN 12445<strong>:<\/strong> <br>&#8211; si\u0142owniki zasilane napi\u0119ciem 230 V AC<br>&#8211; centrale steruj\u0105ce dla si\u0142ownik\u00f3w zasilanych napi\u0119ciem 230 V AC<br>&#8211; si\u0142owniki zasilane napi\u0119ciem 24 V DC<br>&#8211; centrale steruj\u0105ce do si\u0142ownik\u00f3w zasilanych napi\u0119ciem 24 V<br>&#8211; akcesoria<\/td><\/tr><tr><td class=\"has-text-align-right\" data-align=\"right\"><\/td><td><\/td><\/tr><tr><td class=\"has-text-align-right\" data-align=\"right\"> <strong><span class=\"has-inline-color has-black-color\">CBX<\/span><\/strong><br><a href=\"https:\/\/www.came.com\/pl\/dla-profesjonalistow\/rozwiazania\/bramy-przemyslowe\/bramy-przemyslowe\/cbx\" target=\"_blank\" rel=\"noreferrer noopener\"><img loading=\"lazy\" decoding=\"async\" width=\"300\" height=\"300\" class=\"wp-image-3658\" style=\"width: 300px;\" src=\"https:\/\/danysc.com.pl\/wordpress\/wp-content\/uploads\/CBX.png\" alt=\"\" srcset=\"https:\/\/danysc.com.pl\/wordpress\/wp-content\/uploads\/CBX.png 300w, https:\/\/danysc.com.pl\/wordpress\/wp-content\/uploads\/CBX-150x150.png 150w, https:\/\/danysc.com.pl\/wordpress\/wp-content\/uploads\/CBX-230x230.png 230w\" sizes=\"auto, (max-width: 300px) 100vw, 300px\" \/><\/a> <\/td><td><br>Wszechstronne rozwi\u0105zanie dla przemys\u0142u. Idealne  do zastosowa\u0144 w bramach segmentowych, przesuwnych i sk\u0142adanych.<br>Maksymalna szeroko\u015b\u0107 skrzyd\u0142a dla sekcji bezpo\u015brednich &#8211; <strong>5,5m<\/strong>, z przek\u0142adni\u0105 \u0142a\u0144cuchow\u0105 &#8211; <strong>8,5m<\/strong>, drzwi przesuwnych i sk\u0142adanych &#8211; <strong>11m<\/strong> (modele:  <strong>C-BX<\/strong>, <strong><strong>C-BX<\/strong>K, <strong>C-BX<\/strong>E, <strong>C-BX<\/strong>EK, <strong>C-BX<\/strong>E24).<\/strong>   <br><br> <strong>W ofercie CAME:<\/strong> <br>&#8211; si\u0142owniki zasilane napi\u0119ciem 230 V AC<br>&#8211; centrale steruj\u0105ce do si\u0142ownik\u00f3w <br>&#8211; motoreduktory 24 V DC<br>&#8211; akcesoria do bram przesuwnych, sk\u0142adanych, segmentowych<br>&#8211; akcesoria<br><\/td><\/tr><\/tbody><\/table><\/figure>\n<\/div><\/div>\n\n\n\n<p><\/p>\n","protected":false},"excerpt":{"rendered":"<p>Automaty CAME do bram przemys\u0142owych Zobacz wi\u0119cej nt. modeli wybieraj\u0105c obraz automatu F4000 Si\u0142ownik do drzwi i bram sk\u0142adanych, z prowadnic\u0105. Idealne rozwi\u0105zanie dla zastosowa\u0144 w bramach uchylnych jednoskrzyd\u0142owych i sk\u0142adanych.&#8211; F40230E \u2013 max szer. 2m \/ max 300kg, max<\/p>\n","protected":false},"author":3,"featured_media":0,"parent":0,"menu_order":6,"comment_status":"closed","ping_status":"closed","template":"","meta":{"footnotes":""},"class_list":["post-3659","page","type-page","status-publish","hentry"],"translation":{"provider":"WPGlobus","version":"3.0.2","language":"en","enabled_languages":["pl","en"],"languages":{"pl":{"title":true,"content":true,"excerpt":false},"en":{"title":false,"content":false,"excerpt":false}}},"_links":{"self":[{"href":"https:\/\/danysc.com.pl\/en\/wp-json\/wp\/v2\/pages\/3659","targetHints":{"allow":["GET"]}}],"collection":[{"href":"https:\/\/danysc.com.pl\/en\/wp-json\/wp\/v2\/pages"}],"about":[{"href":"https:\/\/danysc.com.pl\/en\/wp-json\/wp\/v2\/types\/page"}],"author":[{"embeddable":true,"href":"https:\/\/danysc.com.pl\/en\/wp-json\/wp\/v2\/users\/3"}],"replies":[{"embeddable":true,"href":"https:\/\/danysc.com.pl\/en\/wp-json\/wp\/v2\/comments?post=3659"}],"version-history":[{"count":18,"href":"https:\/\/danysc.com.pl\/en\/wp-json\/wp\/v2\/pages\/3659\/revisions"}],"predecessor-version":[{"id":3681,"href":"https:\/\/danysc.com.pl\/en\/wp-json\/wp\/v2\/pages\/3659\/revisions\/3681"}],"wp:attachment":[{"href":"https:\/\/danysc.com.pl\/en\/wp-json\/wp\/v2\/media?parent=3659"}],"curies":[{"name":"wp","href":"https:\/\/api.w.org\/{rel}","templated":true}]}}