{"id":3618,"date":"2021-08-25T20:59:32","date_gmt":"2021-08-25T18:59:32","guid":{"rendered":"https:\/\/danysc.com.pl\/?page_id=3618"},"modified":"2021-08-26T19:47:14","modified_gmt":"2021-08-26T17:47:14","slug":"automaty-do-bram-przesuwnych","status":"publish","type":"page","link":"https:\/\/danysc.com.pl\/en\/automaty-do-bram-przesuwnych\/","title":{"rendered":"Automaty do bram przesuwnych"},"content":{"rendered":"\n<div style=\"height:20px\" aria-hidden=\"true\" class=\"wp-block-spacer\"><\/div>\n\n\n\n<div class=\"wp-block-group has-background\" style=\"background-color:#f0f0f0\"><div class=\"wp-block-group__inner-container is-layout-flow wp-block-group-is-layout-flow\">\n<h5><strong data-rich-text-format-boundary=\"true\">Automaty CAME do bram przesuwnych<br><\/strong><\/h5>\n<h6><span class=\"has-inline-color\" style=\"color: #20208d;\"><strong>Zobacz wi\u0119cej nt. modeli wybieraj\u0105c obraz automatu<\/strong><\/span><\/h6>\n\n\n\n<figure class=\"wp-block-table is-style-stripes\"><table class=\"has-fixed-layout\"><tbody><tr><td class=\"has-text-align-right\" data-align=\"right\"><strong><span class=\"has-inline-color has-black-color\">BXL<\/span><\/strong><br><a href=\"https:\/\/www.came.com\/pl\/dla-profesjonalistow\/rozwiazania\/bramy-przemyslowe\/bramy-przesuwne\/bxl\" target=\"_blank\" rel=\"noreferrer noopener\"><img loading=\"lazy\" decoding=\"async\" width=\"300\" height=\"300\" class=\"wp-image-3612\" style=\"width: 300px;\" src=\"https:\/\/danysc.com.pl\/wordpress\/wp-content\/uploads\/BXL.png\" alt=\"\" srcset=\"https:\/\/danysc.com.pl\/wordpress\/wp-content\/uploads\/BXL.png 300w, https:\/\/danysc.com.pl\/wordpress\/wp-content\/uploads\/BXL-150x150.png 150w, https:\/\/danysc.com.pl\/wordpress\/wp-content\/uploads\/BXL-230x230.png 230w\" sizes=\"auto, (max-width: 300px) 100vw, 300px\" \/><\/a><\/td><td><br>Idealne rozwi\u0105zanie dla bram przesuwnych instalowanych <strong>w domach jednorodzinnych<\/strong>.<br>Bramy o ci\u0119\u017carze <strong>do  400 kg<\/strong><br><\/td><td class=\"has-text-align-right\" data-align=\"right\"><strong><span class=\"has-inline-color has-black-color\">BXV<\/span><\/strong><span class=\"has-inline-color has-vivid-red-color\"><\/span><br><a rel=\"noreferrer noopener\" href=\"https:\/\/www.came.com\/pl\/dla-profesjonalistow\/rozwiazania\/bramy-przemyslowe\/bramy-przesuwne\/bxv\" target=\"_blank\"><img loading=\"lazy\" decoding=\"async\" width=\"300\" height=\"300\" class=\"wp-image-3613\" style=\"width: 300px;\" src=\"https:\/\/danysc.com.pl\/wordpress\/wp-content\/uploads\/BXV.png\" alt=\"\" srcset=\"https:\/\/danysc.com.pl\/wordpress\/wp-content\/uploads\/BXV.png 300w, https:\/\/danysc.com.pl\/wordpress\/wp-content\/uploads\/BXV-150x150.png 150w, https:\/\/danysc.com.pl\/wordpress\/wp-content\/uploads\/BXV-230x230.png 230w\" sizes=\"auto, (max-width: 300px) 100vw, 300px\" \/><\/a><\/td><td><br>Idealne rozwi\u0105zanie dla bram przesuwnych instalowanych <strong>w domach jednorodzinnych i wsp\u00f3lnotach mieszkaniowych<\/strong>, po\u0142\u0105czonych.<br>Do bram o ci\u0119\u017carze <strong>do 1000 kg<\/strong><\/td><\/tr><tr><td class=\"has-text-align-right\" data-align=\"right\"><strong><span class=\"has-inline-color has-black-color\">BX <\/span><\/strong><span class=\"has-inline-color has-vivid-red-color\">NEW<\/span><br><a href=\"https:\/\/www.came.com\/pl\/dla-profesjonalistow\/rozwiazania\/bramy-przemyslowe\/bramy-przesuwne\/bx\" target=\"_blank\" rel=\"noreferrer noopener\"><img loading=\"lazy\" decoding=\"async\" width=\"300\" height=\"300\" class=\"wp-image-3614\" style=\"width: 300px;\" src=\"https:\/\/danysc.com.pl\/wordpress\/wp-content\/uploads\/BX.png\" alt=\"\" srcset=\"https:\/\/danysc.com.pl\/wordpress\/wp-content\/uploads\/BX.png 300w, https:\/\/danysc.com.pl\/wordpress\/wp-content\/uploads\/BX-150x150.png 150w, https:\/\/danysc.com.pl\/wordpress\/wp-content\/uploads\/BX-230x230.png 230w\" sizes=\"auto, (max-width: 300px) 100vw, 300px\" \/><\/a><\/td><td><br>Rozwi\u0105zanie dla bram przesuwnych instalowanych <strong>w domach jednorodzinnych<\/strong>.<br><strong>Do 800 kg<\/strong><\/td><td class=\"has-text-align-right\" data-align=\"right\"><strong>BK<\/strong><span class=\"has-inline-color has-vivid-red-color\"> NEW<\/span><a href=\"https:\/\/www.came.com\/pl\/dla-profesjonalistow\/rozwiazania\/bramy-przemyslowe\/bramy-przesuwne\/bk\" target=\"_blank\" rel=\"noreferrer noopener\"><img loading=\"lazy\" decoding=\"async\" width=\"300\" height=\"300\" class=\"wp-image-3615\" style=\"width: 300px;\" src=\"https:\/\/danysc.com.pl\/wordpress\/wp-content\/uploads\/BK.png\" alt=\"\" srcset=\"https:\/\/danysc.com.pl\/wordpress\/wp-content\/uploads\/BK.png 300w, https:\/\/danysc.com.pl\/wordpress\/wp-content\/uploads\/BK-150x150.png 150w, https:\/\/danysc.com.pl\/wordpress\/wp-content\/uploads\/BK-230x230.png 230w\" sizes=\"auto, (max-width: 300px) 100vw, 300px\" \/><\/a><\/td><td><br>Optymalne rozwi\u0105zanie do bram przesuwnych o <strong>du\u017cych wymiarach<\/strong>.<br><strong>Do 2200 kg<\/strong><\/td><\/tr><tr><td class=\"has-text-align-right\" data-align=\"right\"><strong>BY-3500T<\/strong><span class=\"has-inline-color has-vivid-red-color\"><\/span><a href=\"https:\/\/www.came.com\/pl\/dla-profesjonalistow\/rozwiazania\/bramy-przemyslowe\/bramy-przesuwne\/3500t\" target=\"_blank\" rel=\"noreferrer noopener\"><img loading=\"lazy\" decoding=\"async\" width=\"300\" height=\"300\" class=\"wp-image-3616\" style=\"width: 300px;\" src=\"https:\/\/danysc.com.pl\/wordpress\/wp-content\/uploads\/BY-3500T.png\" alt=\"\" srcset=\"https:\/\/danysc.com.pl\/wordpress\/wp-content\/uploads\/BY-3500T.png 300w, https:\/\/danysc.com.pl\/wordpress\/wp-content\/uploads\/BY-3500T-150x150.png 150w, https:\/\/danysc.com.pl\/wordpress\/wp-content\/uploads\/BY-3500T-230x230.png 230w\" sizes=\"auto, (max-width: 300px) 100vw, 300px\" \/><\/a><\/td><td><br>Rozwi\u0105zanie dla przesuwnych bram <strong>przemys\u0142owych<\/strong>.<br><strong>Do 3500 kg<\/strong><\/td><td class=\"has-text-align-right\" data-align=\"right\"><strong>BKV<\/strong><span class=\"has-inline-color has-vivid-red-color\"><\/span> <span class=\"has-inline-color has-vivid-red-color\">NEW<\/span><a rel=\"noreferrer noopener\" href=\"https:\/\/www.came.com\/pl\/dla-profesjonalistow\/rozwiazania\/bramy-przemyslowe\/bramy-przesuwne\/bkv\" target=\"_blank\"><img loading=\"lazy\" decoding=\"async\" width=\"300\" height=\"300\" class=\"wp-image-3617\" style=\"width: 300px;\" src=\"https:\/\/danysc.com.pl\/wordpress\/wp-content\/uploads\/BKV.png\" alt=\"\" srcset=\"https:\/\/danysc.com.pl\/wordpress\/wp-content\/uploads\/BKV.png 300w, https:\/\/danysc.com.pl\/wordpress\/wp-content\/uploads\/BKV-150x150.png 150w, https:\/\/danysc.com.pl\/wordpress\/wp-content\/uploads\/BKV-230x230.png 230w\" sizes=\"auto, (max-width: 300px) 100vw, 300px\" \/><\/a><\/td><td><br>Wysokowydajne rozwi\u0105zanie idealne do du\u017cych bram przesuwnych, <strong>przemys\u0142owych, o ci\u0105g\u0142ej pracy<\/strong>.<br><strong>Do 2500 kg<\/strong><\/td><\/tr><\/tbody><\/table><\/figure>\n\n\n\n<p><\/p>\n<\/div><\/div>\n\n\n\n<div style=\"height:25px\" aria-hidden=\"true\" class=\"wp-block-spacer\"><\/div>\n\n\n\n<div class=\"wp-block-group has-background\" style=\"background-color:#f0f0f0\"><div class=\"wp-block-group__inner-container is-layout-flow wp-block-group-is-layout-flow\">\n<h5 class=\"block-editor-rich-text__editable block-editor-block-list__block wp-block is-selected rich-text\" tabindex=\"0\" role=\"group\" aria-multiline=\"true\" aria-label=\"Blok: Nag\u0142\u00f3wek\" data-block=\"4af85bbd-4901-4879-a447-49d5f3f9cb57\" data-type=\"core\/heading\" data-title=\"Nag\u0142\u00f3wek\" contenteditable=\"true\"><strong data-rich-text-format-boundary=\"true\">Automaty NICE do bram przesuwnych<br><\/strong><\/h5>\n<h6><span class=\"has-inline-color\" style=\"color: #20208d;\"><strong>Zobacz wi\u0119cej nt. modeli wybieraj\u0105c obraz automatu<\/strong><\/span><\/h6>\n\n\n\n<figure class=\"wp-block-table is-style-stripes\"><table><tbody><tr><td class=\"has-text-align-right\" data-align=\"right\"><strong><span class=\"has-inline-color has-black-color\">ROBUS<\/span><\/strong><br><a href=\"https:\/\/www.nice.pl\/kategoria\/automatyka-do-bram-przesuwnych\" target=\"_blank\" rel=\"noreferrer noopener\"><img loading=\"lazy\" decoding=\"async\" width=\"1300\" height=\"1300\" class=\"wp-image-3632\" style=\"width: 1300px;\" src=\"https:\/\/danysc.com.pl\/wordpress\/wp-content\/uploads\/ROBUS.png\" alt=\"\" srcset=\"https:\/\/danysc.com.pl\/wordpress\/wp-content\/uploads\/ROBUS.png 300w, https:\/\/danysc.com.pl\/wordpress\/wp-content\/uploads\/ROBUS-150x150.png 150w, https:\/\/danysc.com.pl\/wordpress\/wp-content\/uploads\/ROBUS-230x230.png 230w\" sizes=\"auto, (max-width: 1300px) 100vw, 1300px\" \/><\/a><\/td><td><br>Nowoczesna grupa nap\u0119d\u00f3w do bram przesuwnych o&nbsp;ci\u0119\u017carze <strong>do 250 kg, 400 kg, 600 kg i 1000 kg<\/strong>. Doskonale sprawdzaj\u0105 si\u0119 w intensywnej pracy, dzi\u0119ki czemu s\u0105 idealnym rozwi\u0105zaniem nie tylko&nbsp; <strong>na posesjach prywatnych, lecz r\u00f3wnie\u017c we wsp\u00f3lnotach mieszkaniowych<\/strong>. Zaawansowane technicznie urz\u0105dzenia pracuj\u0105 szybko i&nbsp;niezawodnie, a dzi\u0119ki zastosowaniu rewolucyjnej technologii BLUEBUS, charakteryzuj\u0105 si\u0119 wyj\u0105tkowo \u0142atw\u0105 instalacj\u0105 i programowaniem.<br><br><strong>W ofercie NICE:<\/strong><br>&#8211;   nap\u0119dy i zestawy automatyki do bram przesuwnych typu <strong><strong>ROBUS<\/strong><\/strong><\/td><\/tr><tr><td class=\"has-text-align-right\" data-align=\"right\"><strong><span class=\"has-inline-color has-black-color\">ROX<\/span><\/strong><br><a href=\"https:\/\/www.nice.pl\/kategoria\/automatyka-do-bram-przesuwnych\" target=\"_blank\" rel=\"noreferrer noopener\"><img loading=\"lazy\" decoding=\"async\" width=\"1300\" height=\"1300\" class=\"wp-image-3633\" style=\"width: 1300px;\" src=\"https:\/\/danysc.com.pl\/wordpress\/wp-content\/uploads\/ROX.png\" alt=\"\" srcset=\"https:\/\/danysc.com.pl\/wordpress\/wp-content\/uploads\/ROX.png 300w, https:\/\/danysc.com.pl\/wordpress\/wp-content\/uploads\/ROX-150x150.png 150w, https:\/\/danysc.com.pl\/wordpress\/wp-content\/uploads\/ROX-230x230.png 230w\" sizes=\"auto, (max-width: 1300px) 100vw, 1300px\" \/><\/a><\/td><td><br>Nice ROX to idealne rozwi\u0105zanie do automatyzacji posesyjnych bram wjazdowych <strong>do 600 kg<\/strong> (Nice ROX600) oraz <strong>do 1000kg<\/strong> (Nice ROX1000). Elektromechaniczny si\u0142ownik ROX to praktyczny i bezpieczny wyb\u00f3r. Pod obudow\u0105 ka\u017cdy instalator znajdzie wbudowan\u0105 central\u0119 steruj\u0105c\u0105 wraz ze zintegrowanym radioodbiornikiem. Trwa\u0142o\u015b\u0107 i niezawodno\u015b\u0107, \u0142atwy monta\u017c, komfortowe wysprz\u0119glenie to cechy tego si\u0142ownika.<br><br><strong>W ofercie NICE:<\/strong> <br>&#8211; <strong> <\/strong>zestawy automatyki do bram przesuwnych typu <strong>ROX<\/strong><\/td><\/tr><tr><td class=\"has-text-align-right\" data-align=\"right\"><strong>ROAD<\/strong><br><a href=\"https:\/\/www.nice.pl\/kategoria\/automatyka-do-bram-przesuwnych\" target=\"_blank\" rel=\"noreferrer noopener\"><img loading=\"lazy\" decoding=\"async\" width=\"1300\" height=\"1300\" class=\"wp-image-3634\" style=\"width: 1300px;\" src=\"https:\/\/danysc.com.pl\/wordpress\/wp-content\/uploads\/ROAD.png\" alt=\"\" srcset=\"https:\/\/danysc.com.pl\/wordpress\/wp-content\/uploads\/ROAD.png 300w, https:\/\/danysc.com.pl\/wordpress\/wp-content\/uploads\/ROAD-150x150.png 150w, https:\/\/danysc.com.pl\/wordpress\/wp-content\/uploads\/ROAD-230x230.png 230w\" sizes=\"auto, (max-width: 1300px) 100vw, 1300px\" \/><\/a><\/td><td><br>Nap\u0119d do automatyzacji <strong>niewielkich<\/strong> przesuwnych <strong>bram posesyjnych<\/strong> o ci\u0119\u017carze <strong>do 400k<\/strong>g. Bardzo prosty, sprawdzony model wyr\u00f3\u017cniaj\u0105cy si\u0119 \u0142atwym i szybkim monta\u017cem, estetycznym wzornictwem,&nbsp; doskona\u0142ymi parametrami i niezawodno\u015bci\u0105.<br> <br><strong>W ofercie NICE:<\/strong>  <br> &#8211; zestaw automatyki do bram przesuwnych <strong>ROAD 400 ERA FLOR<\/strong> <\/td><\/tr><tr><td class=\"has-text-align-right\" data-align=\"right\"><strong>RUN<\/strong><br><a href=\"https:\/\/www.nice.pl\/kategoria\/automatyka-do-bram-przesuwnych\" target=\"_blank\" rel=\"noreferrer noopener\"><img loading=\"lazy\" decoding=\"async\" width=\"1300\" height=\"1300\" class=\"wp-image-3635\" style=\"width: 1300px;\" src=\"https:\/\/danysc.com.pl\/wordpress\/wp-content\/uploads\/RUN.png\" alt=\"\" srcset=\"https:\/\/danysc.com.pl\/wordpress\/wp-content\/uploads\/RUN.png 300w, https:\/\/danysc.com.pl\/wordpress\/wp-content\/uploads\/RUN-150x150.png 150w, https:\/\/danysc.com.pl\/wordpress\/wp-content\/uploads\/RUN-230x230.png 230w\" sizes=\"auto, (max-width: 1300px) 100vw, 1300px\" \/><\/a><\/td><td><br>Nowoczesna linia silnych nap\u0119d\u00f3w do bram przesuwnych o&nbsp;ci\u0119\u017carze <strong>do 400 kg, 1200 kg, 1500 kg, 1800 kg lub do 2500 kg<\/strong> z technologi\u0105 BLUEBUS, kt\u00f3ra zapewnia wyj\u0105tkowo \u0142atw\u0105 instalacj\u0119 i programowanie. Nap\u0119dy odpowiednie do pracy w ekstremalnych warunkach, <strong>idealne do zastosowa\u0144 przemys\u0142owych<\/strong>. Nap\u0119dy do s\u0105 w stanie zarz\u0105dza\u0107 w\u0142asn\u0105 moc\u0105, dostosowuj\u0105c j\u0105 do r\u00f3\u017cnych warunk\u00f3w klimatycznych. Ich dodatkowym atutem jest fakt, \u017ce ogromna si\u0142a ukryta jest w&nbsp;nap\u0119dzie o niewielkich gabarytach i estetycznym, nowoczesnym wygl\u0105dzie.<br><br> <strong>W ofercie NICE:<\/strong> <br> &#8211; <strong> <\/strong>nap\u0119dy i zestawy automatyki do bram skrzyd\u0142owych typu <strong>RUN<\/strong> <br><\/td><\/tr><tr><td class=\"has-text-align-right\" data-align=\"right\"><strong>THOR<\/strong><br><a href=\"https:\/\/www.nice.pl\/kategoria\/automatyka-do-bram-przesuwnych\" target=\"_blank\" rel=\"noreferrer noopener\"><img loading=\"lazy\" decoding=\"async\" width=\"1300\" height=\"1300\" class=\"wp-image-3636\" style=\"width: 1300px;\" src=\"https:\/\/danysc.com.pl\/wordpress\/wp-content\/uploads\/THOR.png\" alt=\"\" srcset=\"https:\/\/danysc.com.pl\/wordpress\/wp-content\/uploads\/THOR.png 300w, https:\/\/danysc.com.pl\/wordpress\/wp-content\/uploads\/THOR-150x150.png 150w, https:\/\/danysc.com.pl\/wordpress\/wp-content\/uploads\/THOR-230x230.png 230w\" sizes=\"auto, (max-width: 1300px) 100vw, 1300px\" \/><\/a><\/td><td><br>Nowoczesny si\u0142ownik do bram przesuwnych o ci\u0119\u017carze <strong>do 1500kg, 230V<\/strong> z wbudowan\u0105 central\u0105 steruj\u0105c\u0105. Najlepsze po\u0142\u0105czenie estetycznego wzornictwa z&nbsp;doskona\u0142ymi parametrami technicznymi gwarantuj\u0105cymi niezawodn\u0105 intensywn\u0105 prac\u0119. Dla zwi\u0119kszenia intensywno\u015bci dzia\u0142ania nap\u0119dy Thor posiadaj\u0105 ch\u0142odzony silnik. Wyposa\u017cone s\u0105 tak\u017ce w szereg nowoczesnych funkcji.<br><br> <strong>W ofercie NICE:<\/strong>  <br> &#8211; zestaw automatyki do bram przesuwnych <strong>THOR 1500 ERA FLOR<\/strong> <\/td><\/tr><tr><td class=\"has-text-align-right\" data-align=\"right\"><strong>TUB<\/strong><br><a href=\"https:\/\/www.nice.pl\/kategoria\/automatyka-do-bram-przesuwnych\" target=\"_blank\" rel=\"noreferrer noopener\"><img loading=\"lazy\" decoding=\"async\" width=\"1300\" height=\"1300\" class=\"wp-image-3637\" style=\"width: 1300px;\" src=\"https:\/\/danysc.com.pl\/wordpress\/wp-content\/uploads\/TUB.png\" alt=\"\" srcset=\"https:\/\/danysc.com.pl\/wordpress\/wp-content\/uploads\/TUB.png 300w, https:\/\/danysc.com.pl\/wordpress\/wp-content\/uploads\/TUB-150x150.png 150w, https:\/\/danysc.com.pl\/wordpress\/wp-content\/uploads\/TUB-230x230.png 230w\" sizes=\"auto, (max-width: 1300px) 100vw, 1300px\" \/><\/a><\/td><td><br>Nowoczesny nap\u0119d do najci\u0119\u017cszych bram przesuwnych <strong>do 3500kg<\/strong>, z wbudowan\u0105 central\u0105 steruj\u0105c\u0105. Bardzo silny (olbrzymi moment obrotowy 190 Nm), idealny <strong>do zastosowa\u0144 przemys\u0142owych<\/strong>. Funkcjonalny, bezpieczny i&nbsp;estetyczny.<br><br> <strong>W ofercie NICE:<\/strong>  <br>&#8211; nap\u0119d do bram przesuwnych<strong> TUB4000<\/strong> <\/td><\/tr><tr><td class=\"has-text-align-right\" data-align=\"right\"><strong>HI-SPEED<\/strong><a href=\"https:\/\/www.nice.pl\/kategoria\/automatyka-do-bram-przesuwnych\" target=\"_blank\" rel=\"noreferrer noopener\"><img loading=\"lazy\" decoding=\"async\" width=\"1300\" height=\"1300\" class=\"wp-image-3638\" style=\"width: 1300px;\" src=\"https:\/\/danysc.com.pl\/wordpress\/wp-content\/uploads\/HI_SPEED_R.png\" alt=\"\" srcset=\"https:\/\/danysc.com.pl\/wordpress\/wp-content\/uploads\/HI_SPEED_R.png 300w, https:\/\/danysc.com.pl\/wordpress\/wp-content\/uploads\/HI_SPEED_R-150x150.png 150w, https:\/\/danysc.com.pl\/wordpress\/wp-content\/uploads\/HI_SPEED_R-230x230.png 230w\" sizes=\"auto, (max-width: 1300px) 100vw, 1300px\" \/><\/a><\/td><td><br>Najnowsza rodzina <strong>bardzo szybkich<\/strong> si\u0142ownik\u00f3w elektromechanicznych do bram przesuwnych. Dzi\u0119ki sprawdzonej konstrukcji i nowoczesnym rozwi\u0105zaniom, pr\u0119dko\u015b\u0107 otwierania bram jest <strong>szybsza o 40 &#8211; 60%.<\/strong> Idealne do bram <strong>posesyjnych i przemys\u0142owych<\/strong>.<br><br><strong>W ofercie NICE:<\/strong>  <br>&#8211; <strong> <\/strong>nap\u0119dy i zestawy automatyki do bram  przesuwnych typu <strong>ROBUS <\/strong>i <strong>RUN<\/strong> <\/td><\/tr><\/tbody><\/table><\/figure>\n\n\n\n<p><strong><span style=\"color:#20208d\" class=\"has-inline-color\">Katalog Automatyka do bram przesuwnych<\/span><\/strong> [<a href=\"http:\/\/www.nice.pl\/resources\/pliki\/Ulotki\/automatyka_bramy_przesuwne.pdf\">obejrzyj<\/a>]<\/p>\n<\/div><\/div>\n\n\n\n<p><\/p>\n","protected":false},"excerpt":{"rendered":"<p>Automaty CAME do bram przesuwnych Zobacz wi\u0119cej nt. modeli wybieraj\u0105c obraz automatu BXL Idealne rozwi\u0105zanie dla bram przesuwnych instalowanych w domach jednorodzinnych.Bramy o ci\u0119\u017carze do 400 kg BXV Idealne rozwi\u0105zanie dla bram przesuwnych instalowanych w domach jednorodzinnych i wsp\u00f3lnotach mieszkaniowych,<\/p>\n","protected":false},"author":3,"featured_media":0,"parent":0,"menu_order":6,"comment_status":"closed","ping_status":"closed","template":"","meta":{"footnotes":""},"class_list":["post-3618","page","type-page","status-publish","hentry"],"translation":{"provider":"WPGlobus","version":"3.0.2","language":"en","enabled_languages":["pl","en"],"languages":{"pl":{"title":true,"content":true,"excerpt":false},"en":{"title":false,"content":false,"excerpt":false}}},"_links":{"self":[{"href":"https:\/\/danysc.com.pl\/en\/wp-json\/wp\/v2\/pages\/3618","targetHints":{"allow":["GET"]}}],"collection":[{"href":"https:\/\/danysc.com.pl\/en\/wp-json\/wp\/v2\/pages"}],"about":[{"href":"https:\/\/danysc.com.pl\/en\/wp-json\/wp\/v2\/types\/page"}],"author":[{"embeddable":true,"href":"https:\/\/danysc.com.pl\/en\/wp-json\/wp\/v2\/users\/3"}],"replies":[{"embeddable":true,"href":"https:\/\/danysc.com.pl\/en\/wp-json\/wp\/v2\/comments?post=3618"}],"version-history":[{"count":16,"href":"https:\/\/danysc.com.pl\/en\/wp-json\/wp\/v2\/pages\/3618\/revisions"}],"predecessor-version":[{"id":3653,"href":"https:\/\/danysc.com.pl\/en\/wp-json\/wp\/v2\/pages\/3618\/revisions\/3653"}],"wp:attachment":[{"href":"https:\/\/danysc.com.pl\/en\/wp-json\/wp\/v2\/media?parent=3618"}],"curies":[{"name":"wp","href":"https:\/\/api.w.org\/{rel}","templated":true}]}}