{"id":3381,"date":"2021-07-21T20:14:13","date_gmt":"2021-07-21T18:14:13","guid":{"rendered":"https:\/\/danysc.com.pl\/?page_id=3381"},"modified":"2021-08-26T19:42:00","modified_gmt":"2021-08-26T17:42:00","slug":"automaty-do-bram-garazowych","status":"publish","type":"page","link":"https:\/\/danysc.com.pl\/en\/automaty-do-bram-garazowych\/","title":{"rendered":"Automaty do bram gara\u017cowych"},"content":{"rendered":"\n<div style=\"height:20px\" aria-hidden=\"true\" class=\"wp-block-spacer\"><\/div>\n\n\n\n<div class=\"wp-block-group has-background\" style=\"background-color:#f0f0f0\"><div class=\"wp-block-group__inner-container is-layout-flow wp-block-group-is-layout-flow\">\n<h5><strong data-rich-text-format-boundary=\"true\">Automaty CAME do bram gara\u017cowych<br><\/strong><\/h5>\n<h6><span class=\"has-inline-color\" style=\"color: #20208d;\"><strong>Zobacz wi\u0119cej nt. modeli wybieraj\u0105c obraz automatu<\/strong><\/span><\/h6>\n\n\n\n<figure class=\"wp-block-table is-style-stripes\"><table class=\"has-fixed-layout\"><tbody><tr><td class=\"has-text-align-right\" data-align=\"right\"><strong><span class=\"has-inline-color has-black-color\">VER<\/span><\/strong><br><a href=\"https:\/\/www.came.com\/pl\/dla-profesjonalistow\/rozwiazania\/bramy-przemyslowe\/automatyka-do-drzwi-garazowych\/ver\" target=\"_blank\" rel=\"noreferrer noopener\"><img loading=\"lazy\" decoding=\"async\" width=\"300\" height=\"204\" class=\"wp-image-3453\" style=\"width: 300px;\" src=\"https:\/\/danysc.com.pl\/wordpress\/wp-content\/uploads\/Ver-1.png\" alt=\"\"><\/a><\/td><td><br>Automatyka do bram gara\u017cowych <strong>segmentowych i uchylnych<\/strong> do u\u017cytku mieszkalnego.<br>Powierzchnia bramy do <strong>12 m\u00b2<\/strong><\/td><td class=\"has-text-align-right\" data-align=\"right\"><strong><span class=\"has-inline-color has-black-color\">VER PLUS<\/span><\/strong><br><a href=\"https:\/\/www.came.com\/pl\/dla-profesjonalistow\/rozwiazania\/bramy-przemyslowe\/automatyka-do-drzwi-garazowych\/ver-plus\" target=\"_blank\" rel=\"noreferrer noopener\"><img loading=\"lazy\" decoding=\"async\" width=\"300\" height=\"197\" class=\"wp-image-3451\" style=\"width: 300px;\" src=\"https:\/\/danysc.com.pl\/wordpress\/wp-content\/uploads\/Ver-Plus-1.png\" alt=\"\"><\/a><\/td><td><br>Idealne rozwi\u0105zanie dla bram <strong>segmentowych i uchylnych<\/strong> do u\u017cytku w obiektach mieszkalnych.<br>Powierzchnia bramy do <strong>21 m\u00b2<\/strong><\/td><\/tr><tr><td class=\"has-text-align-right\" data-align=\"right\"><strong><span class=\"has-inline-color has-black-color\">EMEGA<\/span><\/strong><br><a href=\"https:\/\/www.came.com\/pl\/dla-profesjonalistow\/rozwiazania\/bramy-przemyslowe\/automatyka-do-drzwi-garazowych\/emega40\" target=\"_blank\" rel=\"noreferrer noopener\"><img loading=\"lazy\" decoding=\"async\" width=\"300\" height=\"204\" class=\"wp-image-3448\" style=\"width: 300px;\" src=\"https:\/\/danysc.com.pl\/wordpress\/wp-content\/uploads\/EMEGA.png\" alt=\"\"><\/a><\/td><td><br>Automatyka z bezpo\u015brednim mocowaniem na bramie gara\u017cowej.<br>Powierzchnia bramy do <strong>9 i 14 m\u00b2<\/strong><\/td><td class=\"has-text-align-right\" data-align=\"right\"><\/td><td><\/td><\/tr><\/tbody><\/table><\/figure>\n\n\n\n<figure class=\"wp-block-table is-style-stripes\"><table><tbody><tr><td class=\"has-text-align-right\" data-align=\"right\"><strong><span class=\"has-inline-color has-black-color\">HOME<\/span><\/strong> OLD<br><img loading=\"lazy\" decoding=\"async\" width=\"500\" height=\"365\" class=\"wp-image-3458\" style=\"width: 500px;\" src=\"https:\/\/danysc.com.pl\/wordpress\/wp-content\/uploads\/HOME.jpg\" alt=\"\"><\/td><td>Kompletne zestawy do zautomatyzowania <strong>uchylnych i segmentowych<\/strong> bram gara\u017cowych. Wyposa\u017cone w sterowanie radiowe SPACE oraz wbudowan\u0105 lamp\u0119 do\u015bwietlaj\u0105c\u0105 wjazd do gara\u017cu i wysprz\u0119glenie na wypadek zaniku zasilania.<br>Wyst\u0119puje w dw\u00f3ch wersjach:<br>&#8211; <strong>HOME HG600<\/strong> \u2013 kompletny zestaw do zautomatyzowania bram gara\u017cowych o powierzchni do <strong>10m\u00b2<\/strong><br>&#8211; <strong>HOME HG1000<\/strong> \u2013 kompletny zestaw do zautomatyzowania bram gara\u017cowych o powierzchni do <strong>14m\u00b2<\/strong><br>Zestawy zawieraj\u0105 zmiennokodowy pilot SPACE<\/td><\/tr><\/tbody><\/table><\/figure>\n<\/div><\/div>\n\n\n\n<div style=\"height:25px\" aria-hidden=\"true\" class=\"wp-block-spacer\"><\/div>\n\n\n\n<div class=\"wp-block-group has-background\" style=\"background-color:#f0f0f0\"><div class=\"wp-block-group__inner-container is-layout-flow wp-block-group-is-layout-flow\">\n<h5 class=\"block-editor-rich-text__editable block-editor-block-list__block wp-block is-selected rich-text\" tabindex=\"0\" role=\"group\" contenteditable=\"true\" aria-multiline=\"true\" aria-label=\"Blok: Nag\u0142\u00f3wek\" data-block=\"4af85bbd-4901-4879-a447-49d5f3f9cb57\" data-type=\"core\/heading\" data-title=\"Nag\u0142\u00f3wek\"><strong data-rich-text-format-boundary=\"true\">Automaty NICE do bram gara\u017cowych<br \/><\/strong><\/h5>\n<h6><span class=\"has-inline-color\" style=\"color: #20208d;\"><strong>Zobacz wi\u0119cej nt. modeli wybieraj\u0105c obraz automatu<\/strong><\/span><\/h6>\n\n\n\n<figure class=\"wp-block-table is-style-stripes\"><table><tbody><tr><td class=\"has-text-align-right\" data-align=\"right\"><strong><span class=\"has-inline-color has-black-color\">SPIN<\/span><\/strong><br><a href=\"https:\/\/www.nice.pl\/kategoria\/automatyka-do-bram-garazowych#product-catalog\" target=\"_blank\" rel=\"noreferrer noopener\"><img loading=\"lazy\" decoding=\"async\" width=\"500\" height=\"443\" class=\"wp-image-3472\" style=\"width: 500px;\" src=\"https:\/\/danysc.com.pl\/wordpress\/wp-content\/uploads\/SPIN-NICE.png\" alt=\"\"><\/a><\/td><td><br>Nowoczesne si\u0142owniki do <strong>bram gara\u017cowych posesyjnych<\/strong> z nap\u0119dem paskowym zapewniaj\u0105cym cich\u0105 i p\u0142ynn\u0105 obs\u0142ug\u0119 bramy. Linia Spin obejmuje urz\u0105dzenia do bram gara\u017cowych o powierzchni bramy do <strong>8 m<sup>2<\/sup>, 9 m<sup>2<\/sup> oraz 13m<sup>2<\/sup><\/strong>.<br><br><strong>W ofercie NICE:<\/strong><br>&#8211; <strong>SPIN 11 ERA FLOR <\/strong>&#8211; zestaw automatyki do bram gara\u017cowych<br>&#8211; <strong>SPIN23BDKCE <\/strong>&#8211; zestaw automatyki do bram gara\u017cowych<br>&#8211; <strong>SPIN 40\/A <\/strong>&#8211; nap\u0119d do bram gara\u017cowych<\/td><\/tr><tr><td class=\"has-text-align-right\" data-align=\"right\"><strong>SHEL<\/strong><br><a href=\"https:\/\/www.nice.pl\/kategoria\/automatyka-do-bram-garazowych#product-catalog\" target=\"_blank\" rel=\"noreferrer noopener\"><img loading=\"lazy\" decoding=\"async\" width=\"500\" height=\"505\" class=\"wp-image-3473\" style=\"width: 500px;\" src=\"https:\/\/danysc.com.pl\/wordpress\/wp-content\/uploads\/SHEL-NICE.png\" alt=\"\"><\/a><\/td><td><br><br>Si\u0142owniki z nap\u0119dem \u0142a\u0144cuchowym o sile uci\u0105gu do <strong>600N i&nbsp;750N<\/strong>, do mniejszych <strong>bram gara\u017cowych posesyjnych<\/strong> o powierzchni bramy&nbsp;do <strong>8 m<sup>2<\/sup>&nbsp;oraz 11m<sup>2<\/sup><\/strong>. \u0141atwy monta\u017c, ciche dzia\u0142anie i&nbsp;przyst\u0119pna cena to cechy charakterystyczne tej linii produkt\u00f3w.<br><br> <strong>W ofercie NICE:<\/strong> <br>&#8211; <strong>SHEL 60 ERA FLOR <\/strong>&#8211; zestaw automatyki do bram gara\u017cowych<br>&#8211; <strong>SHEL 75 ERA FLOR <\/strong>&#8211; zestaw automatyki do bram gara\u017cowych<\/td><\/tr><tr><td class=\"has-text-align-right\" data-align=\"right\"><strong>SUMO<\/strong><br><a href=\"https:\/\/www.nice.pl\/kategoria\/automatyka-do-bram-garazowych#product-catalog\" target=\"_blank\" rel=\"noreferrer noopener\"><img loading=\"lazy\" decoding=\"async\" width=\"500\" height=\"603\" class=\"wp-image-3474\" style=\"width: 500px;\" src=\"https:\/\/danysc.com.pl\/wordpress\/wp-content\/uploads\/SUMO-NICE.png\" alt=\"\" srcset=\"https:\/\/danysc.com.pl\/wordpress\/wp-content\/uploads\/SUMO-NICE.png 300w, https:\/\/danysc.com.pl\/wordpress\/wp-content\/uploads\/SUMO-NICE-249x300.png 249w\" sizes=\"auto, (max-width: 500px) 100vw, 500px\" \/><\/a><\/td><td><br>Wysokiej jako\u015bci nap\u0119dy do automatyzacji  <strong>gara\u017cowych bram przemys\u0142owych<\/strong>,  sekcyjnych o powierzchni od <strong>5.0m<sup>2<\/sup> do 15.0m<sup>2<\/sup><\/strong>. R\u00f3\u017cne stopnie intensywno\u015bci pracy oraz szeroki zakres funkcji pozwalaj\u0105 dopasowa\u0107 je do warunk\u00f3w oraz miejsca u\u017cytkowania.<br> <strong>W ofercie NICE:<\/strong>  <br>&#8211; <strong>SUMO 2000 <\/strong>&#8211; nap\u0119d do bram gara\u017cowych<br>&#8211; <strong>SUMO 2000BD <\/strong>&#8211; zestaw do bram gara\u017cowych<br>&#8211; <strong>SUMO 2000 V <\/strong>&#8211; nap\u0119d do bram gara\u017cowych<br>&#8211; <strong>SUMO 2000VBD<\/strong> &#8211; zestaw do bram gara\u017cowych<br>&#8211; <strong>SUMO 2000 VV <\/strong>&#8211; nap\u0119d do bram gara\u017cowych<br>&#8211; <strong>SUMO 2000VVBD <\/strong>&#8211; zestaw do bram gara\u017cowych<br>&#8211; <strong>SUMO 2010 <\/strong>&#8211; nap\u0119d do bram gara\u017cowych<br>&#8211; <strong>SUMO 2010BD <\/strong>&#8211; zestaw do bram gara\u017cowych<\/td><\/tr><tr><td class=\"has-text-align-right\" data-align=\"right\"><strong>SOON<\/strong><br><a href=\"https:\/\/www.nice.pl\/kategoria\/automatyka-do-bram-garazowych#product-catalog\" target=\"_blank\" rel=\"noreferrer noopener\"><img loading=\"lazy\" decoding=\"async\" width=\"500\" height=\"502\" class=\"wp-image-3475\" style=\"width: 500px;\" src=\"https:\/\/danysc.com.pl\/wordpress\/wp-content\/uploads\/SOON-NICE.png\" alt=\"\" srcset=\"https:\/\/danysc.com.pl\/wordpress\/wp-content\/uploads\/SOON-NICE.png 300w, https:\/\/danysc.com.pl\/wordpress\/wp-content\/uploads\/SOON-NICE-150x150.png 150w, https:\/\/danysc.com.pl\/wordpress\/wp-content\/uploads\/SOON-NICE-230x230.png 230w\" sizes=\"auto, (max-width: 500px) 100vw, 500px\" \/><\/a><\/td><td><br><br>Si\u0142ownik do automatyzacji <strong>bram sekcyjnych<\/strong> o powierzchni do <strong>16m<sup>2<\/sup><\/strong>. \u0141atwy w instalacji dzi\u0119ki technologii BLUEBUS. Trwa\u0142y i precyzyjny, stanowi silne wsparcie <strong>\u015brednich i du\u017cych bram przemys\u0142owych<\/strong>.<br><br> <strong>W ofercie NICE:<\/strong> <br>&#8211; <strong>SOON 2000<\/strong> &#8211; nap\u0119d do bram gara\u017cowych<br>&#8211; <strong>SOON BD<\/strong> &#8211; zestaw automatyki do bram gara\u017cowych<br><\/td><\/tr><tr><td class=\"has-text-align-right\" data-align=\"right\"><strong>SPY<\/strong><br><a href=\"https:\/\/www.nice.pl\/kategoria\/automatyka-do-bram-garazowych#product-catalog\" target=\"_blank\" rel=\"noreferrer noopener\"><img loading=\"lazy\" decoding=\"async\" width=\"500\" height=\"508\" class=\"wp-image-3476\" style=\"width: 500px;\" src=\"https:\/\/danysc.com.pl\/wordpress\/wp-content\/uploads\/SPY-NICE.png\" alt=\"\" srcset=\"https:\/\/danysc.com.pl\/wordpress\/wp-content\/uploads\/SPY-NICE.png 300w, https:\/\/danysc.com.pl\/wordpress\/wp-content\/uploads\/SPY-NICE-295x300.png 295w\" sizes=\"auto, (max-width: 500px) 100vw, 500px\" \/><\/a><\/td><td><br><br>Najnowsza linia si\u0142ownik\u00f3w do automatyzacji <strong>posesyjnych bram gara\u017cowych<\/strong>. Spy jest pierwszym si\u0142ownikiem marki Nice z oddzielnie zabudowan\u0105 central\u0105 steruj\u0105c\u0105: silnik si\u0142ownika porusza si\u0119 wzd\u0142u\u017c szyny na zasadzie nap\u0119du z\u0119batkowego, bez potrzeby u\u017cycia \u0142a\u0144cucha lub innych g\u0142o\u015bnych element\u00f3w nap\u0119dowych. Jest idealny dla ka\u017cdej architektury.<br><br> <strong>W ofercie NICE:<\/strong>  <br>&#8211; <strong>SPY650HSBDKCE<\/strong> &#8211; zestaw automatyki do bram gara\u017cowych<br>&#8211; <strong>SPY650BDKCE<\/strong> &#8211; zestaw do bram gara\u017cowych<br>&#8211; <strong>SPY800BDKCE<\/strong> &#8211; zestaw do bram gara\u017cowych<\/td><\/tr><tr><td class=\"has-text-align-right\" data-align=\"right\"><strong>TOM<\/strong><br><a href=\"https:\/\/www.nice.pl\/kategoria\/automatyka-do-bram-garazowych#product-catalog\" target=\"_blank\" rel=\"noreferrer noopener\"><img loading=\"lazy\" decoding=\"async\" width=\"500\" height=\"387\" class=\"wp-image-3477\" style=\"width: 500px;\" src=\"https:\/\/danysc.com.pl\/wordpress\/wp-content\/uploads\/TOM-NICE.png\" alt=\"\"><\/a><\/td><td><br><br>Nowoczesne nap\u0119dy do automatyzacji <strong>przemys\u0142owych bram segmentowych<\/strong> o wadze do <strong>600kg<\/strong>. Nap\u0119dy TOM to bardzo solidne i \u0142atwe w instalacji i obs\u0142udze urz\u0105dzenia, na kt\u00f3rych mo\u017cna polega\u0107. Si\u0142owniki s\u0105 silne (do <strong>100Nm<\/strong>) i szybkie (do <strong>24 obr.\/min<\/strong>).<br>Nap\u0119dy dost\u0119pne s\u0105 z awaryjnym&nbsp;otwieraniem za pomoc\u0105&nbsp;\u0142a\u0144cucha.<br>W ofercie akcesoria: kabel do pod\u0142\u0105czenia listwy kraw\u0119dziowej, fotokom\u00f3rki optyczne, urz\u0105dzenie bezpiecze\u0144stwa, dodatkowy \u0142a\u0144cuch.<\/td><\/tr><\/tbody><\/table><\/figure>\n\n\n\n<p><span style=\"color:#20208d\" class=\"has-inline-color\"><strong>Katalog Automatyka do bram gara\u017cowych NICE<\/strong><\/span> [<a rel=\"noreferrer noopener\" href=\"http:\/\/www.nice.pl\/resources\/pliki\/Ulotki\/automatyka_bramy_garazowe.pdf\" target=\"_blank\">obejrzyj<\/a>]<\/p>\n<\/div><\/div>\n\n\n\n<p><\/p>\n","protected":false},"excerpt":{"rendered":"<p>Automaty CAME do bram gara\u017cowych Zobacz wi\u0119cej nt. modeli wybieraj\u0105c obraz automatu VER Automatyka do bram gara\u017cowych segmentowych i uchylnych do u\u017cytku mieszkalnego.Powierzchnia bramy do 12 m\u00b2 VER PLUS Idealne rozwi\u0105zanie dla bram segmentowych i uchylnych do u\u017cytku w obiektach<\/p>\n","protected":false},"author":3,"featured_media":0,"parent":0,"menu_order":6,"comment_status":"closed","ping_status":"closed","template":"","meta":{"footnotes":""},"class_list":["post-3381","page","type-page","status-publish","hentry"],"translation":{"provider":"WPGlobus","version":"3.0.2","language":"en","enabled_languages":["pl","en"],"languages":{"pl":{"title":true,"content":true,"excerpt":false},"en":{"title":false,"content":false,"excerpt":false}}},"_links":{"self":[{"href":"https:\/\/danysc.com.pl\/en\/wp-json\/wp\/v2\/pages\/3381","targetHints":{"allow":["GET"]}}],"collection":[{"href":"https:\/\/danysc.com.pl\/en\/wp-json\/wp\/v2\/pages"}],"about":[{"href":"https:\/\/danysc.com.pl\/en\/wp-json\/wp\/v2\/types\/page"}],"author":[{"embeddable":true,"href":"https:\/\/danysc.com.pl\/en\/wp-json\/wp\/v2\/users\/3"}],"replies":[{"embeddable":true,"href":"https:\/\/danysc.com.pl\/en\/wp-json\/wp\/v2\/comments?post=3381"}],"version-history":[{"count":112,"href":"https:\/\/danysc.com.pl\/en\/wp-json\/wp\/v2\/pages\/3381\/revisions"}],"predecessor-version":[{"id":3649,"href":"https:\/\/danysc.com.pl\/en\/wp-json\/wp\/v2\/pages\/3381\/revisions\/3649"}],"wp:attachment":[{"href":"https:\/\/danysc.com.pl\/en\/wp-json\/wp\/v2\/media?parent=3381"}],"curies":[{"name":"wp","href":"https:\/\/api.w.org\/{rel}","templated":true}]}}