{"id":26,"date":"2015-05-06T23:55:05","date_gmt":"2015-05-06T21:55:05","guid":{"rendered":"http:\/\/danysc.com.pl\/nowa\/\/?page_id=26"},"modified":"2023-09-25T23:04:08","modified_gmt":"2023-09-25T21:04:08","slug":"drzwi-garazowe","status":"publish","type":"page","link":"https:\/\/danysc.com.pl\/en\/drzwi-garazowe\/","title":{"rendered":"Garage doors"},"content":{"rendered":"<p style=\"margin: 0;\"><a href=\"http:\/\/danysc.com.pl\/wordpress\/wp-content\/uploads\/2015\/06\/wisniowski_logo_big.jpg\"><img loading=\"lazy\" decoding=\"async\" class=\"alignleft size-full wp-image-260\" src=\"http:\/\/danysc.com.pl\/wordpress\/wp-content\/uploads\/2015\/06\/wisniowski_logo_big.jpg\" alt=\"wisniowski_logo_big\" width=\"140\" height=\"68\" \/><\/a><\/p>\n<p style=\"margin-bottom: 2em;\">Oferujemy r\u00f3wnie\u017c drzwi i bramy gara\u017cowe firmy WI\u015aNIOWSKI, najwi\u0119kszego polskiego producenta bram i ogrodze\u0144. Produkty tej firmy \u0142\u0105cz\u0105 w sobie umiarkowan\u0105 cen\u0119 oraz wysok\u0105 jako\u015b\u0107, potwierdzon\u0105 atestami Instytutu Techniki Budowlanej oraz certyfikatem ISO 9001:2000. Posiadamy pe\u0142n\u0105 ofert\u0119 bram gara\u017cowych WI\u015aNIOWSKI, od prostych bram dwuskrzyd\u0142owych dla niewymagaj\u0105cych u\u017cytkownik\u00f3w, poprzez standardowe bramy uchylne, a\u017c do nowoczesnych i niezajmuj\u0105cych miejsca bram roletowych i segmentowych.<\/p>\n<p style=\"margin: 0;\"><a href=\"http:\/\/danysc.com.pl\/wordpress\/wp-content\/uploads\/2015\/05\/RTEmagicC_small-brama-segmentowa-unitherm-panel-60-mm.png\"><img loading=\"lazy\" decoding=\"async\" class=\"aligncenter wp-image-999 size-full\" style=\"display: inline-block; float: left; margin: 0 20px 0 0;\" src=\"http:\/\/danysc.com.pl\/wordpress\/wp-content\/uploads\/2015\/05\/RTEmagicC_small-brama-segmentowa-unitherm-panel-60-mm.png\" alt=\"\" width=\"300\" height=\"213\" \/><\/a><\/p>\n<div style=\"display: inline-block; float: left;\">\n<p style=\"padding: 0 0 0 17px; margin: 0;\"><b>BRAMA SEGMENTOWA UNITHERM<\/b><\/p>\n<ul style=\"list-style-type: circle; margin-bottom: 0; width: 381px;\">\n<li>Unikatowe rozwi\u0105zania techniczne<\/li>\n<li>Panel INNOVO o grubo\u015bci 60 mm<\/li>\n<li>Wsp\u00f3\u0142czynnik przenikania ciep\u0142a U=0,79 W\/m2K<\/li>\n<li>Wysoki standard w przyst\u0119pnej cenie<\/li>\n<li>Optymalne parametry odporno\u015bci na dzia\u0142anie wiatru, przenikania wody oraz przepuszczalno\u015bci powietrza<\/li>\n<\/ul>\n<\/div>\n<p style=\"margin: 0;\"><a href=\"http:\/\/danysc.com.pl\/wordpress\/wp-content\/uploads\/2015\/05\/RTEmagicC_unipro_wisniowski.png\"><img loading=\"lazy\" decoding=\"async\" class=\"aligncenter wp-image-1000 size-full\" style=\"display: inline-block; float: left; margin: 0 20px 0 0;\" src=\"http:\/\/danysc.com.pl\/wordpress\/wp-content\/uploads\/2015\/05\/RTEmagicC_unipro_wisniowski.png\" alt=\"\" width=\"300\" height=\"213\" \/><\/a><\/p>\n<div style=\"display: inline-block; float: left;\">\n<p style=\"padding: 0 0 0 17px; margin: 0;\"><b>BRAMA SEGMENTOWA UNIPRO<\/b><\/p>\n<ul style=\"list-style-type: circle; margin-bottom: 0; width: 381px;\">\n<li>Panel o grubo\u015bci 40 mm<\/li>\n<li>Bogata oferta kolor\u00f3w i wzor\u00f3w<\/li>\n<li>Wsp\u00f3\u0142czynnik przenikania ciep\u0142a U=1,07 W\/m2K<\/li>\n<li>Wsp\u00f3\u0142czynnik t\u0142umienia d\u017awi\u0119ku Rc=23 dB<\/li>\n<li>Dost\u0119pna w wersji r\u0119cznej i automatycznej<\/li>\n<\/ul>\n<\/div>\n<div style=\"clear: both; margin-bottom: 3em;\"><\/div>\n<p style=\"margin: 0;\"><a href=\"http:\/\/danysc.com.pl\/wordpress\/wp-content\/uploads\/2015\/05\/RTEmagicC_prime_wisniowski.png\"><img loading=\"lazy\" decoding=\"async\" class=\"aligncenter wp-image-1001 size-full\" style=\"display: inline-block; float: left; margin: 0 20px 0 0;\" src=\"http:\/\/danysc.com.pl\/wordpress\/wp-content\/uploads\/2015\/05\/RTEmagicC_prime_wisniowski.png\" alt=\"\" width=\"300\" height=\"213\" \/><\/a><\/p>\n<div style=\"display: inline-block; float: left;\">\n<p style=\"padding: 0 0 0 17px; margin: 0;\"><b>BRAMA SEGMENTOWA PRIME<\/b><\/p>\n<ul style=\"list-style-type: circle; margin-bottom: 0; width: 381px;\">\n<li>Unikatowe rozwi\u0105zania techniczne<\/li>\n<li>Panel INNOVO o grubo\u015bci 60 mm<\/li>\n<li>Wsp\u00f3\u0142czynnik przenikania ciep\u0142a U=0,79 W\/m2K<\/li>\n<li>Dba\u0142o\u015b\u0107 o najmniejszy detal<\/li>\n<li>Rozbudowany system os\u0142on i uszczelnie\u0144<\/li>\n<li>Liczne, nowoczesne systemy zabezpiecze\u0144<\/li>\n<li>Precyzyjna konfiguracja z uk\u0142adem nap\u0119dowym<\/li>\n<\/ul>\n<\/div>\n<div style=\"clear: both; margin-bottom: 2em;\"><\/div>\n<p style=\"margin: 0;\"><a href=\"http:\/\/danysc.com.pl\/wordpress\/wp-content\/uploads\/2015\/05\/bramy_garazowe_roletowe_wisniowski.png\"><img loading=\"lazy\" decoding=\"async\" class=\"aligncenter wp-image-1003 size-medium\" style=\"display: inline-block; float: left; margin: 0 20px 0 0;\" src=\"http:\/\/danysc.com.pl\/wordpress\/wp-content\/uploads\/2015\/05\/bramy_garazowe_roletowe_wisniowski-300x223.png\" alt=\"\" width=\"300\" height=\"223\" srcset=\"https:\/\/danysc.com.pl\/wordpress\/wp-content\/uploads\/2015\/05\/bramy_garazowe_roletowe_wisniowski-300x223.png 300w, https:\/\/danysc.com.pl\/wordpress\/wp-content\/uploads\/2015\/05\/bramy_garazowe_roletowe_wisniowski.png 403w\" sizes=\"auto, (max-width: 300px) 100vw, 300px\" \/><\/a><\/p>\n<div style=\"display: inline-block; float: left;\">\n<p style=\"padding: 0 0 0 17px; margin: 0;\"><b>BRAMA ROLETOWA<\/b><\/p>\n<ul style=\"list-style-type: circle; margin-bottom: 0; width: 381px;\">\n<li>Wszystkie bramy roletowe wyposa\u017cone s\u0105 w standardzie w nap\u0119d<\/li>\n<li>Oszcz\u0119dno\u015b\u0107 miejsca pod sufitem<\/li>\n<li>Mo\u017cliwa do instalacji przy r\u00f3\u017cnych kszta\u0142tach otworu gara\u017cowego<\/li>\n<li>2 rodzaje profili &#8211; 77mm i 100mm<\/li>\n<li>Kolory: 11 dla profilu AW77, 7 dla AW100 oraz dwa kolory drewnopodobne<\/li>\n<\/ul>\n<\/div>\n<div style=\"clear: both; margin-bottom: 3em;\"><\/div>\n<p style=\"margin: 0;\"><a href=\"http:\/\/danysc.com.pl\/wordpress\/wp-content\/uploads\/2015\/05\/brama-uchylna-connect.png\"><img loading=\"lazy\" decoding=\"async\" class=\"aligncenter wp-image-1004 size-medium\" style=\"display: inline-block; float: left; margin: 0 20px 0 0;\" src=\"http:\/\/danysc.com.pl\/wordpress\/wp-content\/uploads\/2015\/05\/brama-uchylna-connect-300x226.png\" alt=\"\" width=\"300\" height=\"226\" srcset=\"https:\/\/danysc.com.pl\/wordpress\/wp-content\/uploads\/2015\/05\/brama-uchylna-connect-300x226.png 300w, https:\/\/danysc.com.pl\/wordpress\/wp-content\/uploads\/2015\/05\/brama-uchylna-connect.png 505w\" sizes=\"auto, (max-width: 300px) 100vw, 300px\" \/><\/a><\/p>\n<div style=\"display: inline-block; float: left;\">\n<p style=\"padding: 0 0 0 17px; margin: 0;\"><b>BRAMA UCHYLNA<\/b><\/p>\n<ul style=\"list-style-type: circle; margin-bottom: 0; width: 381px;\">\n<li>Jedne z najbardziej popularnych bram na rynku<\/li>\n<li>Prosta konstrukcja oraz proste i sprawdzone rozwi\u0105zania mechaniczne gwarantuj\u0105 niezawodne dzia\u0142anie bramy<\/li>\n<li>W bramach CONNECT s\u0105 dost\u0119pne aplikacje ozdobne mi\u0119dzy panelami skrzyd\u0142a &#8211; wykonywane w kolorach drewnopodobnych<\/li>\n<li>Mo\u017cliwe r\u00f3\u017cne szeroko\u015bci otworu gara\u017cowego<\/li>\n<li>12 wzor\u00f3w<\/li>\n<li>8 kolor\u00f3w standardowych oraz 2 kolory drewnopodobne<\/li>\n<\/ul>\n<\/div>\n<div style=\"clear: both; margin-bottom: 3em;\"><\/div>\n<p style=\"margin: 0;\"><a href=\"http:\/\/danysc.com.pl\/wordpress\/wp-content\/uploads\/2015\/05\/bramy_garazowe_bramy_dwuskrzydlowe_wisniowski.png\"><img loading=\"lazy\" decoding=\"async\" class=\"aligncenter wp-image-1005 size-medium\" style=\"display: inline-block; float: left; margin: 0 20px 0 0;\" src=\"http:\/\/danysc.com.pl\/wordpress\/wp-content\/uploads\/2015\/05\/bramy_garazowe_bramy_dwuskrzydlowe_wisniowski-300x217.png\" alt=\"\" width=\"300\" height=\"217\" srcset=\"https:\/\/danysc.com.pl\/wordpress\/wp-content\/uploads\/2015\/05\/bramy_garazowe_bramy_dwuskrzydlowe_wisniowski-300x217.png 300w, https:\/\/danysc.com.pl\/wordpress\/wp-content\/uploads\/2015\/05\/bramy_garazowe_bramy_dwuskrzydlowe_wisniowski.png 525w\" sizes=\"auto, (max-width: 300px) 100vw, 300px\" \/><\/a><\/p>\n<div style=\"display: inline-block; float: left;\">\n<p style=\"padding: 0 0 0 17px; margin: 0;\"><b>BRAMA ROZWIERNA<\/b><\/p>\n<ul style=\"list-style-type: circle; margin-bottom: 0; width: 381px;\">\n<li>Najbardziej ekonomiczne zamkni\u0119cie gara\u017cu<\/li>\n<li>Praktyczna konstrukcja, sprawdzona technologia produkcji<\/li>\n<li>Dost\u0119pna w wersji z jednym lub dwoma skrzyd\u0142ami<\/li>\n<li>Mo\u017cliwe r\u00f3\u017cne szeroko\u015bci otworu gara\u017cowego<\/li>\n<li>12 wzor\u00f3w<\/li>\n<li>6 kolor\u00f3w standardowych oraz 2 kolory drewnopodobne<\/li>\n<\/ul>\n<\/div>\n<div style=\"clear: both; margin-bottom: 3em;\"><\/div>\n<p style=\"margin-top: 2em;\">Zach\u0119camy do zapoznania si\u0119 z nasz\u0105 ofert\u0105 nap\u0119d\u00f3w do bram gara\u017cowych.<\/p>\n<p><b>Dodatkowe materia\u0142y (pdf):<\/b> &#8211; katalogi [<a href=\"https:\/\/www.wisniowski.pl\/katalogi-online\" target=\"_blank\" rel=\"noopener\"><span style=\"color: #333399;\">obejrzyj\/pobierz<\/span><\/a>]. Wi\u0119cej informacji nt. <b>Wi\u015bniowski &#8211; Bramy gara\u017cowe <a href=\"https:\/\/www.wisniowski.pl\/dla-domu\/bramy-garazowe\" target=\"_blank\" rel=\"noopener\">TUTAJ\u00a0<\/a><\/b><span style=\"color: #333399;\">.<\/span><\/p>\n<hr \/>\n<p>W swojej ofercie posiadamy tak\u017ce drzwi gara\u017cowe firmy <strong>H\u00f6rmann<\/strong>.<\/p>\n","protected":false},"excerpt":{"rendered":"<p>Oferujemy r\u00f3wnie\u017c drzwi i bramy gara\u017cowe firmy WI\u015aNIOWSKI, najwi\u0119kszego polskiego producenta bram i ogrodze\u0144. Produkty tej firmy \u0142\u0105cz\u0105 w sobie umiarkowan\u0105 cen\u0119 oraz wysok\u0105 jako\u015b\u0107, potwierdzon\u0105 atestami Instytutu Techniki Budowlanej oraz certyfikatem ISO 9001:2000. Posiadamy pe\u0142n\u0105 ofert\u0119 bram gara\u017cowych WI\u015aNIOWSKI,<\/p>\n","protected":false},"author":3,"featured_media":0,"parent":0,"menu_order":3,"comment_status":"closed","ping_status":"closed","template":"","meta":{"footnotes":""},"class_list":["post-26","page","type-page","status-publish","hentry"],"translation":{"provider":"WPGlobus","version":"3.0.2","language":"en","enabled_languages":["pl","en"],"languages":{"pl":{"title":true,"content":true,"excerpt":false},"en":{"title":true,"content":true,"excerpt":false}}},"_links":{"self":[{"href":"https:\/\/danysc.com.pl\/en\/wp-json\/wp\/v2\/pages\/26","targetHints":{"allow":["GET"]}}],"collection":[{"href":"https:\/\/danysc.com.pl\/en\/wp-json\/wp\/v2\/pages"}],"about":[{"href":"https:\/\/danysc.com.pl\/en\/wp-json\/wp\/v2\/types\/page"}],"author":[{"embeddable":true,"href":"https:\/\/danysc.com.pl\/en\/wp-json\/wp\/v2\/users\/3"}],"replies":[{"embeddable":true,"href":"https:\/\/danysc.com.pl\/en\/wp-json\/wp\/v2\/comments?post=26"}],"version-history":[{"count":132,"href":"https:\/\/danysc.com.pl\/en\/wp-json\/wp\/v2\/pages\/26\/revisions"}],"predecessor-version":[{"id":3923,"href":"https:\/\/danysc.com.pl\/en\/wp-json\/wp\/v2\/pages\/26\/revisions\/3923"}],"wp:attachment":[{"href":"https:\/\/danysc.com.pl\/en\/wp-json\/wp\/v2\/media?parent=26"}],"curies":[{"name":"wp","href":"https:\/\/api.w.org\/{rel}","templated":true}]}}