{"id":2330,"date":"2020-12-01T00:32:19","date_gmt":"2020-11-30T23:32:19","guid":{"rendered":"https:\/\/danysc.com.pl\/?page_id=2330"},"modified":"2023-01-18T20:15:09","modified_gmt":"2023-01-18T19:15:09","slug":"do-pobrania-2","status":"publish","type":"page","link":"https:\/\/danysc.com.pl\/en\/do-pobrania-2\/","title":{"rendered":"Download"},"content":{"rendered":"\n<div class=\"wp-block-group\"><div class=\"wp-block-group__inner-container is-layout-flow wp-block-group-is-layout-flow\">\n<div class=\"wp-block-group\"><div class=\"wp-block-group__inner-container is-layout-flow wp-block-group-is-layout-flow\">\n<div class=\"wp-block-group\"><div class=\"wp-block-group__inner-container is-layout-flow wp-block-group-is-layout-flow\">\n<div class=\"wp-block-group\"><div class=\"wp-block-group__inner-container is-layout-flow wp-block-group-is-layout-flow\">\n<figure class=\"wp-block-table is-style-regular\"><table class=\"has-background has-fixed-layout\" style=\"background-color:#f3f4f5\"><tbody><tr><td class=\"has-text-align-center\" data-align=\"center\">1   <a href=\"https:\/\/danysc.com.pl\/wordpress\/wp-content\/uploads\/ADTSv1.1.pdf\" data-type=\"URL\" data-id=\"https:\/\/danysc.com.pl\/wordpress\/wp-content\/uploads\/ADTSv1.1.pd\" target=\"_blank\" rel=\"noreferrer noopener\"><img decoding=\"async\" src=\"https:\/\/danysc.com.pl\/wordpress\/wp-includes\/images\/media\/document.png\" alt=\"\"><\/a><mark style=\"background-color:rgba(0, 0, 0, 0)\" class=\"has-inline-color has-vivid-red-color\"><strong>.pdf<\/strong><\/mark><\/td><td><strong><span style=\"color:#1250a2\" class=\"has-inline-color\">ADTSv1.1<\/span><\/strong><br>Adaptor Sterownik Semafora<\/td><\/tr><\/tbody><\/table><\/figure>\n\n\n\n<figure class=\"wp-block-table is-style-regular\"><table class=\"has-background has-fixed-layout\" style=\"background-color:#f3f4f5\"><tbody><tr><td class=\"has-text-align-center\" data-align=\"center\">2   <a rel=\"noreferrer noopener\" href=\"https:\/\/danysc.com.pl\/wordpress\/wp-content\/uploads\/AF43SPv1.3-PL.pdf\" target=\"_blank\"><img decoding=\"async\" src=\"https:\/\/danysc.com.pl\/wordpress\/wp-includes\/images\/media\/document.png\" alt=\"\"><\/a><mark style=\"background-color:rgba(0, 0, 0, 0)\" class=\"has-inline-color has-vivid-red-color\"><strong>.pdf<\/strong><\/mark><\/td><td><strong><span style=\"color:#1250a2\" class=\"has-inline-color\">AF43SPv1.3-PL<\/span><\/strong><br>Karta cz\u0119stotliwo\u015bci<\/td><\/tr><\/tbody><\/table><\/figure>\n\n\n\n<figure class=\"wp-block-table is-style-regular\"><table class=\"has-background has-fixed-layout\" style=\"background-color:#f3f4f5\"><tbody><tr><td class=\"has-text-align-center\" data-align=\"center\">3   <a href=\"https:\/\/danysc.com.pl\/wordpress\/wp-content\/uploads\/Czytnik_RFiD_DIGITHA_Instrukcja_A4.pdf\" target=\"_blank\" rel=\"noreferrer noopener\"><img decoding=\"async\" src=\"https:\/\/danysc.com.pl\/wordpress\/wp-includes\/images\/media\/document.png\" alt=\"\"><\/a><mark style=\"background-color:rgba(0, 0, 0, 0)\" class=\"has-inline-color has-vivid-red-color\"><strong>.pdf<\/strong><\/mark><\/td><td><strong><span style=\"color:#1250a2\" class=\"has-inline-color\">Czytnik_RFiD_DIGITHA_Instrukcja_A4<\/span><\/strong><br>Czytnik 125KHz do paneli serii DIGITHA (DIGI-RFID-PL)<\/td><\/tr><\/tbody><\/table><\/figure>\n\n\n\n<figure class=\"wp-block-table is-style-regular\"><table class=\"has-background has-fixed-layout\" style=\"background-color:#f3f4f5\"><tbody><tr><td class=\"has-text-align-center\" data-align=\"center\">4   <a href=\"https:\/\/danysc.com.pl\/wordpress\/wp-content\/uploads\/Czytnik_RFiD_MTM_Instrukcja.pdf\" target=\"_blank\" rel=\"noreferrer noopener\"><img decoding=\"async\" src=\"https:\/\/danysc.com.pl\/wordpress\/wp-includes\/images\/media\/document.png\" alt=\"\"><\/a><mark style=\"background-color:rgba(0, 0, 0, 0)\" class=\"has-inline-color has-vivid-red-color\"><strong>.pdf<\/strong><\/mark><\/td><td><strong><span style=\"color:#1250a2\" class=\"has-inline-color\">Czytnik_RFiD_MTM_Instrukcja<\/span><\/strong><br>Instrukcja Obs\u0142ugi czytnika 125KHz do paneli serii MTM (MTM-RFID-PL)<\/td><\/tr><\/tbody><\/table><\/figure>\n\n\n\n<figure class=\"wp-block-table is-style-regular\"><table class=\"has-background has-fixed-layout\" style=\"background-color:#f3f4f5\"><tbody><tr><td class=\"has-text-align-center\" data-align=\"center\">5   <a href=\"https:\/\/danysc.com.pl\/wordpress\/wp-content\/uploads\/Czytnik_RFiD_TARGHA_Instrukcja_1.pdf\" target=\"_blank\" rel=\"noreferrer noopener\"><img decoding=\"async\" src=\"https:\/\/danysc.com.pl\/wordpress\/wp-includes\/images\/media\/document.png\" alt=\"\"><\/a><mark style=\"background-color:rgba(0, 0, 0, 0)\" class=\"has-inline-color has-vivid-red-color\"><strong>.pdf<\/strong><\/mark><\/td><td><strong><span style=\"color:#1250a2\" class=\"has-inline-color\">Czytnik_RFiD_TARGHA_Instrukcja_1<\/span><\/strong><br>Instrukcja Obs\u0142ugi czytnika 125KHz do paneli serii TARGHA<\/td><\/tr><\/tbody><\/table><\/figure>\n\n\n\n<figure class=\"wp-block-table is-style-regular\"><table class=\"has-background has-fixed-layout\" style=\"background-color:#f3f4f5\"><tbody><tr><td class=\"has-text-align-center\" data-align=\"center\">6   <a href=\"https:\/\/danysc.com.pl\/wordpress\/wp-content\/uploads\/Czytnik_RFiD_THANGRAM_Instrukcja_1.pdf\" target=\"_blank\" rel=\"noreferrer noopener\"><img decoding=\"async\" src=\"https:\/\/danysc.com.pl\/wordpress\/wp-includes\/images\/media\/document.png\" alt=\"\"><\/a><mark style=\"background-color:rgba(0, 0, 0, 0)\" class=\"has-inline-color has-vivid-red-color\"><strong>.pdf<\/strong><\/mark><\/td><td><strong><span style=\"color:#1250a2\" class=\"has-inline-color\">Czytnik_RFiD_THANGRAM_Instrukcja_1<\/span><\/strong><br>Instrukcja Obs\u0142ugi czytnika 125KHz do paneli serii THANGRAM (THAN-RFID-PL)<\/td><\/tr><\/tbody><\/table><\/figure>\n\n\n\n<figure class=\"wp-block-table is-style-regular\"><table class=\"has-background has-fixed-layout\" style=\"background-color:#f3f4f5\"><tbody><tr><td class=\"has-text-align-center\" data-align=\"center\">7   <a href=\"https:\/\/danysc.com.pl\/wordpress\/wp-content\/uploads\/Instrukcja_RE431_SH.pdf\" target=\"_blank\" rel=\"noreferrer noopener\"><img decoding=\"async\" src=\"https:\/\/danysc.com.pl\/wordpress\/wp-includes\/images\/media\/document.png\" alt=\"\"><\/a><mark style=\"background-color:rgba(0, 0, 0, 0)\" class=\"has-inline-color has-vivid-red-color\"><strong>.pdf<\/strong><\/mark><\/td><td><strong><mark style=\"background-color:rgba(0, 0, 0, 0);color:#1250a2\" class=\"has-inline-color\">Instrukcja RE431_SH<\/mark><\/strong><br>Opis dzia\u0142ania odbiornika uniwersalnego RE431SP MultiCode<\/td><\/tr><\/tbody><\/table><\/figure>\n\n\n\n<figure class=\"wp-block-table is-style-regular\"><table class=\"has-background has-fixed-layout\" style=\"background-color:#f3f4f5\"><tbody><tr><td class=\"has-text-align-center\" data-align=\"center\">8   <a rel=\"noreferrer noopener\" href=\"https:\/\/danysc.com.pl\/wordpress\/wp-content\/uploads\/Instrukcja-RE434Manager_2018_03_09.pdf\" target=\"_blank\"><img decoding=\"async\" src=\"https:\/\/danysc.com.pl\/wordpress\/wp-includes\/images\/media\/document.png\" alt=\"\"><\/a><mark style=\"background-color:rgba(0, 0, 0, 0)\" class=\"has-inline-color has-vivid-red-color\"><strong>.pdf<\/strong><\/mark><\/td><td><strong><span style=\"color:#1250a2\" class=\"has-inline-color\">Instrukcja RE434Manager_2018_03_09<\/span><\/strong><br>Instrukcja obs\u0142ugi aplikacji<br>RE434Manager.<br>(Windows 10)<\/td><\/tr><\/tbody><\/table><\/figure>\n\n\n\n<figure class=\"wp-block-table is-style-regular\"><table class=\"has-background has-fixed-layout\" style=\"background-color:#f3f4f5\"><tbody><tr><td class=\"has-text-align-center\" data-align=\"center\">9   <a rel=\"noreferrer noopener\" href=\"https:\/\/danysc.com.pl\/wordpress\/wp-content\/uploads\/Instrukcja-RE434Manager_RTC_2020_06_07.pdf\" target=\"_blank\"><img decoding=\"async\" src=\"https:\/\/danysc.com.pl\/wordpress\/wp-includes\/images\/media\/document.png\" alt=\"\"><\/a><mark style=\"background-color:rgba(0, 0, 0, 0)\" class=\"has-inline-color has-vivid-red-color\"><strong>.pdf<\/strong><\/mark><\/td><td><strong><mark style=\"background-color:rgba(0, 0, 0, 0);color:#1250a2\" class=\"has-inline-color\">Instrukcja RE434Manager_RTC<\/mark><\/strong><br>Instrukcja obs\u0142ugi aplikacji<br>RE434Manager-RTC.<br>(Windows 10)<\/td><\/tr><\/tbody><\/table><\/figure>\n\n\n\n<figure class=\"wp-block-table is-style-regular\"><table class=\"has-background has-fixed-layout\" style=\"background-color:#f3f4f5\"><tbody><tr><td class=\"has-text-align-center\" data-align=\"center\">10  <a href=\"https:\/\/danysc.com.pl\/wordpress\/wp-content\/uploads\/Instrukcja-RE434SP.pdf\" target=\"_blank\" rel=\"noreferrer noopener\"><img decoding=\"async\" src=\"https:\/\/danysc.com.pl\/wordpress\/wp-includes\/images\/media\/document.png\" alt=\"\"><\/a><mark style=\"background-color:rgba(0, 0, 0, 0)\" class=\"has-inline-color has-vivid-red-color\"><strong>.pdf<\/strong><\/mark><\/td><td><strong><span style=\"color:#1250a2\" class=\"has-inline-color\">Instrukcja RE434SP<\/span><\/strong><br>Opis i przygotowanie urz\u0105dzenia RE434SP do pracy<\/td><\/tr><\/tbody><\/table><\/figure>\n\n\n\n<figure class=\"wp-block-table is-style-regular\"><table class=\"has-background has-fixed-layout\" style=\"background-color:#f3f4f5\"><tbody><tr><td class=\"has-text-align-center\" data-align=\"center\">11  <a href=\"https:\/\/danysc.com.pl\/wordpress\/wp-content\/uploads\/Instrukcja-RE434SP_RTC.pdf\" target=\"_blank\" rel=\"noreferrer noopener\"><img decoding=\"async\" src=\"https:\/\/danysc.com.pl\/wordpress\/wp-includes\/images\/media\/document.png\" alt=\"\"><\/a><mark style=\"background-color:rgba(0, 0, 0, 0)\" class=\"has-inline-color has-vivid-red-color\"><strong>.pdf<\/strong><\/mark><\/td><td><strong><span style=\"color:#1250a2\" class=\"has-inline-color\">Instrukcja RE434SP_RTC<\/span><\/strong><br>Opis i przygotowanie urz\u0105dzenia RE434SP-RTC do pracy<\/td><\/tr><\/tbody><\/table><\/figure>\n\n\n\n<figure class=\"wp-block-table is-style-regular\"><table class=\"has-background has-fixed-layout\" style=\"background-color:#f3f4f5\"><tbody><tr><td class=\"has-text-align-center\" data-align=\"center\">12  <a href=\"https:\/\/danysc.com.pl\/wordpress\/wp-content\/uploads\/Instrukcja_Dystrybutor_TV_XDV-304PL.pdf\" target=\"_blank\" rel=\"noreferrer noopener\"><img decoding=\"async\" src=\"https:\/\/danysc.com.pl\/wordpress\/wp-includes\/images\/media\/document.png\" alt=\"\"><\/a><strong><mark style=\"background-color:rgba(0, 0, 0, 0)\" class=\"has-inline-color has-vivid-red-color\">.pdf<\/mark><\/strong><\/td><td><strong><span style=\"color:#1250a2\" class=\"has-inline-color\"><strong>Instrukcja_Dystrybutor_TV_XDV-304PL<\/strong><\/span><\/strong><br>Rozdzielacz video z zabezpieczeniem VDV\/304PL<\/td><\/tr><\/tbody><\/table><\/figure>\n\n\n\n<figure class=\"wp-block-table is-style-regular\"><table class=\"has-background has-fixed-layout\" style=\"background-color:#f3f4f5\"><tbody><tr><td class=\"has-text-align-center\" data-align=\"center\">13  <a rel=\"noreferrer noopener\" href=\"https:\/\/danysc.com.pl\/wordpress\/wp-content\/uploads\/Instrukcja_RE-868HF_EASY-PASS.pdf\" target=\"_blank\"><img decoding=\"async\" src=\"https:\/\/danysc.com.pl\/wordpress\/wp-includes\/images\/media\/document.png\" alt=\"\"><\/a><mark style=\"background-color:rgba(0, 0, 0, 0)\" class=\"has-inline-color has-vivid-red-color\"><strong>.pdf<\/strong><\/mark><\/td><td><strong><mark style=\"background-color:rgba(0, 0, 0, 0);color:#1250a2\" class=\"has-inline-color\">Instrukcja_EASY-PASS<\/mark><\/strong><br>Instrukcja obs\u0142ugi i monta\u017cu systemu \u201eEASY PASS\u201d serii SPACE<\/td><\/tr><\/tbody><\/table><\/figure>\n\n\n\n<figure class=\"wp-block-table is-style-regular\"><table class=\"has-background has-fixed-layout\" style=\"background-color:#f3f4f5\"><tbody><tr><td class=\"has-text-align-center\" data-align=\"center\">14  <a href=\"https:\/\/danysc.com.pl\/wordpress\/wp-content\/uploads\/Instrukcja_Moneterka_MTR18.pdf\" target=\"_blank\" rel=\"noreferrer noopener\"><img decoding=\"async\" src=\"https:\/\/danysc.com.pl\/wordpress\/wp-includes\/images\/media\/document.png\" alt=\"\"><\/a><mark style=\"background-color:rgba(0, 0, 0, 0)\" class=\"has-inline-color has-vivid-red-color\"><strong>.pdf<\/strong><\/mark><\/td><td><strong><span style=\"color:#1250a2\" class=\"has-inline-color\">Instrukcja_Moneterka_MTR18<\/span><\/strong><br>Instrukcja monta\u017cu i obs\u0142ugi moneterki MTR 18<\/td><\/tr><\/tbody><\/table><\/figure>\n\n\n\n<figure class=\"wp-block-table is-style-regular\"><table class=\"has-background has-fixed-layout\" style=\"background-color:#f3f4f5\"><tbody><tr><td class=\"has-text-align-center\" data-align=\"center\">15  <a rel=\"noreferrer noopener\" href=\"https:\/\/danysc.com.pl\/wordpress\/wp-content\/uploads\/Instrukcja_MZ2418-1.pdf\" target=\"_blank\"><img decoding=\"async\" src=\"https:\/\/danysc.com.pl\/wordpress\/wp-includes\/images\/media\/document.png\" alt=\"\"><\/a><mark style=\"background-color:rgba(0, 0, 0, 0)\" class=\"has-inline-color has-vivid-red-color\"><strong>.pdf<\/strong><\/mark><\/td><td><strong><span style=\"color:#1250a2\" class=\"has-inline-color\">Instrukcja_MZ2418<\/span><\/strong><br>Instrukcja obs\u0142ugi modu\u0142u zasilania MZ2418<\/td><\/tr><\/tbody><\/table><\/figure>\n\n\n\n<figure class=\"wp-block-table is-style-regular\"><table class=\"has-background has-fixed-layout\" style=\"background-color:#f3f4f5\"><tbody><tr><td class=\"has-text-align-center\" data-align=\"center\">16  <a href=\"https:\/\/danysc.com.pl\/wordpress\/wp-content\/uploads\/JantarMCR4_Instrukcja_2017.pdf\" target=\"_blank\" rel=\"noreferrer noopener\"><img decoding=\"async\" src=\"https:\/\/danysc.com.pl\/wordpress\/wp-includes\/images\/media\/document.png\" alt=\"\"><\/a><mark style=\"background-color:rgba(0, 0, 0, 0)\" class=\"has-inline-color has-vivid-red-color\"><strong>.pdf<\/strong><\/mark><\/td><td><strong><span style=\"color:#1250a2\" class=\"has-inline-color\">JantarMCR4_Instrukcja_2017<\/span><\/strong><br>Opis instalacji i ustawie\u0144 plafoniery JANTAR LED MCR 4T<\/td><\/tr><\/tbody><\/table><\/figure>\n\n\n\n<figure class=\"wp-block-table is-style-regular\"><table class=\"has-background has-fixed-layout\" style=\"background-color:#f3f4f5\"><tbody><tr><td class=\"has-text-align-center\" data-align=\"center\">17  <a href=\"https:\/\/danysc.com.pl\/wordpress\/wp-content\/uploads\/Opis-podlaczen-RE434-RS485.pdf\" target=\"_blank\" rel=\"noreferrer noopener\"><img decoding=\"async\" src=\"https:\/\/danysc.com.pl\/wordpress\/wp-includes\/images\/media\/document.png\" alt=\"\"><\/a><mark style=\"background-color:rgba(0, 0, 0, 0)\" class=\"has-inline-color has-vivid-red-color\"><strong>.pdf<\/strong><\/mark><\/td><td><strong><span style=\"color:#1250a2\" class=\"has-inline-color\">Opis pod\u0142\u0105cze\u0144 RE434-RS485<\/span><\/strong><br>Opis pod\u0142\u0105czenia zestawu do \u0142\u0105czno\u015bci przewodowej pomi\u0119dzy odbiornikiem<br>RE434 a komputerem PC<\/td><\/tr><\/tbody><\/table><\/figure>\n\n\n\n<figure class=\"wp-block-table is-style-regular\"><table class=\"has-background has-fixed-layout\" style=\"background-color:#f3f4f5\"><tbody><tr><td class=\"has-text-align-center\" data-align=\"center\">18  <a href=\"https:\/\/danysc.com.pl\/wordpress\/wp-content\/uploads\/RE432SPv1.1.pdf\" target=\"_blank\" rel=\"noreferrer noopener\"><img decoding=\"async\" src=\"https:\/\/danysc.com.pl\/wordpress\/wp-includes\/images\/media\/document.png\" alt=\"\"><\/a><mark style=\"background-color:rgba(0, 0, 0, 0)\" class=\"has-inline-color has-vivid-red-color\"><strong>.pdf<\/strong><\/mark><\/td><td><strong><span style=\"color:#1250a2\" class=\"has-inline-color\">RE432SPv1.1<\/span><\/strong><br>Uniwersalne radio dwukana\u0142owe z Kodem Dynamicznie Zmiennym<\/td><\/tr><\/tbody><\/table><\/figure>\n\n\n\n<figure class=\"wp-block-table is-style-regular\"><table class=\"has-background has-fixed-layout\" style=\"background-color:#f3f4f5\"><tbody><tr><td class=\"has-text-align-center\" data-align=\"center\">19  <a href=\"https:\/\/danysc.com.pl\/wordpress\/wp-content\/uploads\/RE434_Wiegand.pdf\" target=\"_blank\" rel=\"noreferrer noopener\"><img decoding=\"async\" src=\"https:\/\/danysc.com.pl\/wordpress\/wp-includes\/images\/media\/document.png\" alt=\"\"><\/a><mark style=\"background-color:rgba(0, 0, 0, 0)\" class=\"has-inline-color has-vivid-red-color\"><strong>.pdf<\/strong><\/mark><\/td><td><strong><span style=\"color:#1250a2\" class=\"has-inline-color\">RE434_Wiegand<\/span><\/strong><br>RE434 Wiegand. Opis dzia\u0142ania i pod\u0142\u0105czenia<\/td><\/tr><\/tbody><\/table><\/figure>\n\n\n\n<figure class=\"wp-block-table is-style-regular\"><table class=\"has-background has-fixed-layout\" style=\"background-color:#f3f4f5\"><tbody><tr><td class=\"has-text-align-center\" data-align=\"center\">20  <a href=\"https:\/\/danysc.com.pl\/wordpress\/wp-content\/uploads\/UZPFv1-2.pdf\" target=\"_blank\" rel=\"noreferrer noopener\"><img decoding=\"async\" src=\"https:\/\/danysc.com.pl\/wordpress\/wp-includes\/images\/media\/document.png\" alt=\"\"><\/a><mark style=\"background-color:rgba(0, 0, 0, 0)\" class=\"has-inline-color has-vivid-red-color\"><strong>.pdf<\/strong><\/mark><\/td><td><strong><span style=\"color:#1250a2\" class=\"has-inline-color\">UZPFv1-2<\/span><\/strong><br>Adaptor automatycznego zamykania po fotokom\u00f3rkach<\/td><\/tr><\/tbody><\/table><\/figure>\n\n\n\n<figure class=\"wp-block-table is-style-regular\"><table class=\"has-background has-fixed-layout\" style=\"background-color:#f3f4f5\"><tbody><tr><td class=\"has-text-align-center\" data-align=\"center\">21  <a href=\"https:\/\/danysc.com.pl\/wordpress\/wp-content\/uploads\/Zalecany_montaz.pdf\" target=\"_blank\" rel=\"noreferrer noopener\"><img decoding=\"async\" src=\"https:\/\/danysc.com.pl\/wordpress\/wp-includes\/images\/media\/document.png\" alt=\"\"><\/a><mark style=\"background-color:rgba(0, 0, 0, 0)\" class=\"has-inline-color has-vivid-red-color\"><strong>.pdf<\/strong><\/mark><\/td><td><strong><span style=\"color:#1250a2\" class=\"has-inline-color\">Zalecany_monta\u017c<\/span><\/strong><br>Spos\u00f3b pod\u0142\u0105czenia przewod\u00f3w<\/td><\/tr><\/tbody><\/table><\/figure>\n\n\n\n<figure class=\"wp-block-table is-style-regular\"><table class=\"has-background has-fixed-layout\" style=\"background-color:#f3f4f5\"><tbody><tr><td class=\"has-text-align-center\" data-align=\"center\">22  <a rel=\"noreferrer noopener\" href=\"https:\/\/danysc.com.pl\/wordpress\/wp-content\/uploads\/SP2-4S_Instrukcja_PL_GB.pdf\" target=\"_blank\"><img decoding=\"async\" src=\"https:\/\/danysc.com.pl\/wordpress\/wp-includes\/images\/media\/document.png\" alt=\"\"><\/a><mark style=\"background-color:rgba(0, 0, 0, 0)\" class=\"has-inline-color has-vivid-red-color\"><strong>.pdf<\/strong><\/mark><\/td><td><strong><mark style=\"background-color:rgba(0, 0, 0, 0);color:#1250a2\" class=\"has-inline-color\">SP2-4S_Instrukcja_PL_GB<\/mark><\/strong><br>Pilot sta\u0142okodowy<\/td><\/tr><\/tbody><\/table><\/figure>\n\n\n\n<figure class=\"wp-block-table is-style-regular\"><table class=\"has-background has-fixed-layout\" style=\"background-color:#f3f4f5\"><tbody><tr><td class=\"has-text-align-center\" data-align=\"center\">23  <a rel=\"noreferrer noopener\" href=\"https:\/\/danysc.com.pl\/wordpress\/wp-content\/uploads\/Odzyskiwanie_kopii_zapasowych_w_RE434Manager.pdf\" target=\"_blank\"><img decoding=\"async\" src=\"https:\/\/danysc.com.pl\/wordpress\/wp-includes\/images\/media\/document.png\" alt=\"\"><\/a><mark style=\"background-color:rgba(0, 0, 0, 0)\" class=\"has-inline-color has-vivid-red-color\"><strong>.pdf<\/strong><\/mark><\/td><td><strong><mark style=\"background-color:rgba(0, 0, 0, 0);color:#1250a2\" class=\"has-inline-color\">Odzyskiwanie_kopii_zapasowych_w_RE434Manager<\/mark><\/strong><\/td><\/tr><\/tbody><\/table><\/figure>\n\n\n\n<figure class=\"wp-block-table is-style-regular\"><table class=\"has-background has-fixed-layout\" style=\"background-color:#f3f4f5\"><tbody><tr><td class=\"has-text-align-center\" data-align=\"center\">24  <a rel=\"noreferrer noopener\" href=\"https:\/\/danysc.com.pl\/wordpress\/wp-content\/uploads\/Stary_Nowy_Manager_wspolpraca_z_RE434_i_Pilotami.pdf\" target=\"_blank\"><img decoding=\"async\" src=\"https:\/\/danysc.com.pl\/wordpress\/wp-includes\/images\/media\/document.png\" alt=\"\"><\/a><mark style=\"background-color:rgba(0, 0, 0, 0)\" class=\"has-inline-color has-vivid-red-color\"><strong>.pdf<\/strong><\/mark><\/td><td><strong><mark style=\"background-color:rgba(0, 0, 0, 0);color:#1250a2\" class=\"has-inline-color\">Stary_Nowy_Manager_wsp\u00f3\u0142praca_z_RE434_i_Pilotami<\/mark><\/strong><\/td><\/tr><\/tbody><\/table><\/figure>\n\n\n\n<p><\/p>\n<\/div><\/div>\n\n\n\n<div class=\"wp-block-group\"><div class=\"wp-block-group__inner-container is-layout-flow wp-block-group-is-layout-flow\"><\/div><\/div>\n<\/div><\/div>\n\n\n\n<div class=\"wp-block-group\"><div class=\"wp-block-group__inner-container is-layout-flow wp-block-group-is-layout-flow\"><\/div><\/div>\n<\/div><\/div>\n<\/div><\/div>\n\n\n\n<p class=\"has-vivid-cyan-blue-color has-text-color has-normal-font-size\"><\/p>\n","protected":false},"excerpt":{"rendered":"<p>1 .pdf ADTSv1.1Adaptor Sterownik Semafora 2 .pdf AF43SPv1.3-PLKarta cz\u0119stotliwo\u015bci 3 .pdf Czytnik_RFiD_DIGITHA_Instrukcja_A4Czytnik 125KHz do paneli serii DIGITHA (DIGI-RFID-PL) 4 .pdf Czytnik_RFiD_MTM_InstrukcjaInstrukcja Obs\u0142ugi czytnika 125KHz do paneli serii MTM (MTM-RFID-PL) 5 .pdf Czytnik_RFiD_TARGHA_Instrukcja_1Instrukcja Obs\u0142ugi czytnika 125KHz do paneli serii TARGHA 6<\/p>\n","protected":false},"author":3,"featured_media":0,"parent":0,"menu_order":0,"comment_status":"closed","ping_status":"closed","template":"","meta":{"footnotes":""},"class_list":["post-2330","page","type-page","status-publish","hentry"],"translation":{"provider":"WPGlobus","version":"3.0.2","language":"en","enabled_languages":["pl","en"],"languages":{"pl":{"title":true,"content":true,"excerpt":false},"en":{"title":true,"content":false,"excerpt":false}}},"_links":{"self":[{"href":"https:\/\/danysc.com.pl\/en\/wp-json\/wp\/v2\/pages\/2330","targetHints":{"allow":["GET"]}}],"collection":[{"href":"https:\/\/danysc.com.pl\/en\/wp-json\/wp\/v2\/pages"}],"about":[{"href":"https:\/\/danysc.com.pl\/en\/wp-json\/wp\/v2\/types\/page"}],"author":[{"embeddable":true,"href":"https:\/\/danysc.com.pl\/en\/wp-json\/wp\/v2\/users\/3"}],"replies":[{"embeddable":true,"href":"https:\/\/danysc.com.pl\/en\/wp-json\/wp\/v2\/comments?post=2330"}],"version-history":[{"count":83,"href":"https:\/\/danysc.com.pl\/en\/wp-json\/wp\/v2\/pages\/2330\/revisions"}],"predecessor-version":[{"id":3870,"href":"https:\/\/danysc.com.pl\/en\/wp-json\/wp\/v2\/pages\/2330\/revisions\/3870"}],"wp:attachment":[{"href":"https:\/\/danysc.com.pl\/en\/wp-json\/wp\/v2\/media?parent=2330"}],"curies":[{"name":"wp","href":"https:\/\/api.w.org\/{rel}","templated":true}]}}