{"id":2197,"date":"2020-09-02T15:54:34","date_gmt":"2020-09-02T13:54:34","guid":{"rendered":"https:\/\/danysc.com.pl\/?page_id=2197"},"modified":"2020-09-02T15:54:37","modified_gmt":"2020-09-02T13:54:37","slug":"galeria-bram-garazowych","status":"publish","type":"page","link":"https:\/\/danysc.com.pl\/en\/galeria-bram-garazowych\/","title":{"rendered":"Galeria bram gara\u017cowych"},"content":{"rendered":"<h2><strong>Bramy gara\u017cowe segmentowe<br><\/strong><\/h2>\n<div id='gallery-1' class='gallery galleryid-2197 gallery-columns-4 gallery-size-medium'><figure class='gallery-item'>\n\t\t\t<div class='gallery-icon landscape'>\n\t\t\t\t<a href='https:\/\/danysc.com.pl\/wordpress\/wp-content\/uploads\/20150423_183356.jpg'><img loading=\"lazy\" decoding=\"async\" width=\"300\" height=\"225\" src=\"https:\/\/danysc.com.pl\/wordpress\/wp-content\/uploads\/20150423_183356-300x225.jpg\" class=\"attachment-medium size-medium\" alt=\"\" srcset=\"https:\/\/danysc.com.pl\/wordpress\/wp-content\/uploads\/20150423_183356-300x225.jpg 300w, https:\/\/danysc.com.pl\/wordpress\/wp-content\/uploads\/20150423_183356-1024x768.jpg 1024w\" sizes=\"auto, (max-width: 300px) 100vw, 300px\" \/><\/a>\n\t\t\t<\/div><\/figure><figure class='gallery-item'>\n\t\t\t<div class='gallery-icon landscape'>\n\t\t\t\t<a href='https:\/\/danysc.com.pl\/wordpress\/wp-content\/uploads\/NOKIA500-377.jpg'><img loading=\"lazy\" decoding=\"async\" width=\"300\" height=\"180\" src=\"https:\/\/danysc.com.pl\/wordpress\/wp-content\/uploads\/NOKIA500-377-300x180.jpg\" class=\"attachment-medium size-medium\" alt=\"\" srcset=\"https:\/\/danysc.com.pl\/wordpress\/wp-content\/uploads\/NOKIA500-377-300x180.jpg 300w, https:\/\/danysc.com.pl\/wordpress\/wp-content\/uploads\/NOKIA500-377-1024x614.jpg 1024w\" sizes=\"auto, (max-width: 300px) 100vw, 300px\" \/><\/a>\n\t\t\t<\/div><\/figure><figure class='gallery-item'>\n\t\t\t<div class='gallery-icon landscape'>\n\t\t\t\t<a href='https:\/\/danysc.com.pl\/wordpress\/wp-content\/uploads\/20170317_135411.jpg'><img loading=\"lazy\" decoding=\"async\" width=\"300\" height=\"225\" src=\"https:\/\/danysc.com.pl\/wordpress\/wp-content\/uploads\/20170317_135411.jpg\" class=\"attachment-medium size-medium\" alt=\"\" \/><\/a>\n\t\t\t<\/div><\/figure><figure class='gallery-item'>\n\t\t\t<div class='gallery-icon landscape'>\n\t\t\t\t<a href='https:\/\/danysc.com.pl\/wordpress\/wp-content\/uploads\/20180515_152512.jpg'><img loading=\"lazy\" decoding=\"async\" width=\"300\" height=\"225\" src=\"https:\/\/danysc.com.pl\/wordpress\/wp-content\/uploads\/20180515_152512.jpg\" class=\"attachment-medium size-medium\" alt=\"\" \/><\/a>\n\t\t\t<\/div><\/figure><figure class='gallery-item'>\n\t\t\t<div class='gallery-icon landscape'>\n\t\t\t\t<a href='https:\/\/danysc.com.pl\/wordpress\/wp-content\/uploads\/20180515_152540.jpg'><img loading=\"lazy\" decoding=\"async\" width=\"300\" height=\"225\" src=\"https:\/\/danysc.com.pl\/wordpress\/wp-content\/uploads\/20180515_152540.jpg\" class=\"attachment-medium size-medium\" alt=\"\" \/><\/a>\n\t\t\t<\/div><\/figure><figure class='gallery-item'>\n\t\t\t<div class='gallery-icon landscape'>\n\t\t\t\t<a href='https:\/\/danysc.com.pl\/wordpress\/wp-content\/uploads\/20190906_165845.jpg'><img loading=\"lazy\" decoding=\"async\" width=\"300\" height=\"225\" src=\"https:\/\/danysc.com.pl\/wordpress\/wp-content\/uploads\/20190906_165845.jpg\" class=\"attachment-medium size-medium\" alt=\"\" \/><\/a>\n\t\t\t<\/div><\/figure><figure class='gallery-item'>\n\t\t\t<div class='gallery-icon landscape'>\n\t\t\t\t<a href='https:\/\/danysc.com.pl\/wordpress\/wp-content\/uploads\/20191210_121733.jpg'><img loading=\"lazy\" decoding=\"async\" width=\"300\" height=\"225\" src=\"https:\/\/danysc.com.pl\/wordpress\/wp-content\/uploads\/20191210_121733.jpg\" class=\"attachment-medium size-medium\" alt=\"\" \/><\/a>\n\t\t\t<\/div><\/figure>\n\t\t<\/div>\n\n\n\n<div style=\"height:40px\" aria-hidden=\"true\" class=\"wp-block-spacer\"><\/div>\n\n\n<h2><strong>Bramy gara\u017cowe rolowane<br><\/strong><\/h2>\n<div id='gallery-2' class='gallery galleryid-2197 gallery-columns-4 gallery-size-medium'><figure class='gallery-item'>\n\t\t\t<div class='gallery-icon landscape'>\n\t\t\t\t<a href='https:\/\/danysc.com.pl\/wordpress\/wp-content\/uploads\/20150423_183334.jpg'><img loading=\"lazy\" decoding=\"async\" width=\"300\" height=\"225\" src=\"https:\/\/danysc.com.pl\/wordpress\/wp-content\/uploads\/20150423_183334-300x225.jpg\" class=\"attachment-medium size-medium\" alt=\"\" srcset=\"https:\/\/danysc.com.pl\/wordpress\/wp-content\/uploads\/20150423_183334-300x225.jpg 300w, https:\/\/danysc.com.pl\/wordpress\/wp-content\/uploads\/20150423_183334-1024x768.jpg 1024w\" sizes=\"auto, (max-width: 300px) 100vw, 300px\" \/><\/a>\n\t\t\t<\/div><\/figure>\n\t\t<\/div>\n\n\n\n<div style=\"height:40px\" aria-hidden=\"true\" class=\"wp-block-spacer\"><\/div>\n\n\n<h2><strong>Bramy gara\u017cowe uchylne<br><\/strong><\/h2>\n<div id='gallery-3' class='gallery galleryid-2197 gallery-columns-4 gallery-size-medium'><figure class='gallery-item'>\n\t\t\t<div class='gallery-icon landscape'>\n\t\t\t\t<a href='https:\/\/danysc.com.pl\/wordpress\/wp-content\/uploads\/20150429_115725.jpg'><img loading=\"lazy\" decoding=\"async\" width=\"300\" height=\"225\" src=\"https:\/\/danysc.com.pl\/wordpress\/wp-content\/uploads\/20150429_115725-300x225.jpg\" class=\"attachment-medium size-medium\" alt=\"\" srcset=\"https:\/\/danysc.com.pl\/wordpress\/wp-content\/uploads\/20150429_115725-300x225.jpg 300w, https:\/\/danysc.com.pl\/wordpress\/wp-content\/uploads\/20150429_115725-1024x768.jpg 1024w\" sizes=\"auto, (max-width: 300px) 100vw, 300px\" \/><\/a>\n\t\t\t<\/div><\/figure><figure class='gallery-item'>\n\t\t\t<div class='gallery-icon landscape'>\n\t\t\t\t<a href='https:\/\/danysc.com.pl\/wordpress\/wp-content\/uploads\/20170426_130331.jpg'><img loading=\"lazy\" decoding=\"async\" width=\"300\" height=\"225\" src=\"https:\/\/danysc.com.pl\/wordpress\/wp-content\/uploads\/20170426_130331.jpg\" class=\"attachment-medium size-medium\" alt=\"\" \/><\/a>\n\t\t\t<\/div><\/figure>\n\t\t<\/div>\n\n\n\n<div class=\"wp-block-group is-layout-flow wp-block-group-is-layout-flow\"><div class=\"wp-block-group__inner-container\"><\/div><\/div>\n\n\n\n<p><\/p>\n","protected":false},"excerpt":{"rendered":"<p>Bramy gara\u017cowe segmentowe Bramy gara\u017cowe rolowane Bramy gara\u017cowe uchylne<\/p>\n","protected":false},"author":3,"featured_media":0,"parent":0,"menu_order":0,"comment_status":"closed","ping_status":"closed","template":"","meta":{"footnotes":""},"class_list":["post-2197","page","type-page","status-publish","hentry"],"translation":{"provider":"WPGlobus","version":"3.0.2","language":"en","enabled_languages":["pl","en"],"languages":{"pl":{"title":true,"content":true,"excerpt":false},"en":{"title":false,"content":false,"excerpt":false}}},"_links":{"self":[{"href":"https:\/\/danysc.com.pl\/en\/wp-json\/wp\/v2\/pages\/2197","targetHints":{"allow":["GET"]}}],"collection":[{"href":"https:\/\/danysc.com.pl\/en\/wp-json\/wp\/v2\/pages"}],"about":[{"href":"https:\/\/danysc.com.pl\/en\/wp-json\/wp\/v2\/types\/page"}],"author":[{"embeddable":true,"href":"https:\/\/danysc.com.pl\/en\/wp-json\/wp\/v2\/users\/3"}],"replies":[{"embeddable":true,"href":"https:\/\/danysc.com.pl\/en\/wp-json\/wp\/v2\/comments?post=2197"}],"version-history":[{"count":6,"href":"https:\/\/danysc.com.pl\/en\/wp-json\/wp\/v2\/pages\/2197\/revisions"}],"predecessor-version":[{"id":2269,"href":"https:\/\/danysc.com.pl\/en\/wp-json\/wp\/v2\/pages\/2197\/revisions\/2269"}],"wp:attachment":[{"href":"https:\/\/danysc.com.pl\/en\/wp-json\/wp\/v2\/media?parent=2197"}],"curies":[{"name":"wp","href":"https:\/\/api.w.org\/{rel}","templated":true}]}}